{"id":74488,"date":"2025-01-02T09:35:21","date_gmt":"2025-01-02T13:35:21","guid":{"rendered":"https:\/\/www.nslegalaid.ca\/a-propos-de-nous\/histoire-de-laide-juridique-de-la-nouvelle-ecosse\/"},"modified":"2025-01-02T09:35:21","modified_gmt":"2025-01-02T13:35:21","slug":"histoire-de-laide-juridique-de-la-nouvelle-ecosse","status":"publish","type":"page","link":"https:\/\/www.nslegalaid.ca\/fr\/a-propos-de-nous\/histoire-de-laide-juridique-de-la-nouvelle-ecosse\/","title":{"rendered":"Histoire de l\u2019Aide juridique de la Nouvelle-\u00c9cosse"},"content":{"rendered":"\n<style type=\"text\/css\" data-created_by=\"avia_inline_auto\" id=\"style-css-av-av_section-6ddb691e662a59ead34c9ad4849c9759\">\n.avia-section.av-av_section-6ddb691e662a59ead34c9ad4849c9759{\nbackground-repeat:no-repeat;\nbackground-image:url(https:\/\/www.nslegalaid.ca\/wp-content\/uploads\/2024\/11\/banner-gordon-legal-aid-1-scaled.jpg);\nbackground-position:50% 50%;\nbackground-attachment:scroll;\n}\n.avia-section.av-av_section-6ddb691e662a59ead34c9ad4849c9759 .av-section-color-overlay{\nopacity:0.2;\n}\n<\/style>\n<div id='av_section_1'  class='avia-section av-av_section-6ddb691e662a59ead34c9ad4849c9759 main_color avia-section-small avia-no-border-styling  avia-builder-el-0  el_before_av_heading  avia-builder-el-first  avia-bg-style-scroll av-section-color-overlay-active av-minimum-height av-minimum-height-custom av-height-custom  container_wrap sidebar_right'  data-section-bg-repeat='no-repeat' data-av_minimum_height_px='380'><div class=\"av-section-color-overlay-wrap\"><div class=\"av-section-color-overlay\"><\/div><div class='container av-section-cont-open' style='height:380px'><main  role=\"main\" itemprop=\"mainContentOfPage\"  class='template-page content  av-content-small alpha units'><div class='post-entry post-entry-type-page post-entry-74488'><div class='entry-content-wrapper clearfix'><\/div><\/div><\/main><!-- close content main element --><\/div><\/div><\/div><div id='after_section_1'  class='main_color av_default_container_wrap container_wrap sidebar_right'  ><div class='container av-section-cont-open' ><div class='template-page content  av-content-small alpha units'><div class='post-entry post-entry-type-page post-entry-74488'><div class='entry-content-wrapper clearfix'>\n\n<style type=\"text\/css\" data-created_by=\"avia_inline_auto\" id=\"style-css-av-av_heading-098985aed14251ef01f3c447c1a12ebc\">\n#top .av-special-heading.av-av_heading-098985aed14251ef01f3c447c1a12ebc{\npadding-bottom:0;\ncolor:#840c20;\n}\nbody .av-special-heading.av-av_heading-098985aed14251ef01f3c447c1a12ebc .av-special-heading-tag .heading-char{\nfont-size:25px;\n}\n.av-special-heading.av-av_heading-098985aed14251ef01f3c447c1a12ebc .special-heading-inner-border{\nborder-color:#840c20;\n}\n.av-special-heading.av-av_heading-098985aed14251ef01f3c447c1a12ebc .av-subheading{\nfont-size:15px;\n}\n<\/style>\n<div  class='av-special-heading av-av_heading-098985aed14251ef01f3c447c1a12ebc av-special-heading-h1 custom-color-heading blockquote modern-quote  avia-builder-el-1  el_after_av_section  el_before_av_textblock  avia-builder-el-first '><h1 class='av-special-heading-tag '  itemprop=\"headline\"  >Histoire de l\u2019Aide juridique de la Nouvelle-\u00c9cosse<\/h1><div class=\"special-heading-border\"><div class=\"special-heading-inner-border\"><\/div><\/div><\/div>\n<section  class='av_textblock_section av-av_textblock-0366cc7376be6c9e82a3e9cc8987b64f '   itemscope=\"itemscope\" itemtype=\"https:\/\/schema.org\/CreativeWork\" ><div class='avia_textblock'  itemprop=\"text\" ><p>The Best is Yet to Come \u2013 L\u2019histoire de R. Gordon Murray, c. r., premier directeur g\u00e9n\u00e9ral de l\u2019Aide juridique de la Nouvelle-\u00c9cosse<\/p>\n<p>The Best is Yet to Come (en anglais seulement) raconte plus que la vie d\u2019un homme. C\u2019est l\u2019histoire captivante d\u2019un militant d\u00e9termin\u00e9, d\u2019un leader transformateur et d\u2019un d\u00e9fenseur de l\u2019aide juridique. On y d\u00e9couvre la volont\u00e9 in\u00e9branlable de R. Gordon Murray de cr\u00e9er un organisme ind\u00e9pendant d\u2019aide juridique, form\u00e9 d\u2019avocats-conseils socialement responsables charg\u00e9s de prot\u00e9ger les droits juridiques des gens de la Nouvelle-\u00c9cosse et d\u2019instituer des changements sociaux.<\/p>\n<p>R. Gordon Murray, c. r., a \u00e9t\u00e9 le premier directeur g\u00e9n\u00e9ral de l\u2019Aide juridique et celui qui y est rest\u00e9 en poste le plus longtemps (de 1977 \u00e0 1994). Il a jet\u00e9 les bases de l\u2019Aide juridique de la Nouvelle-\u00c9cosse, et il a d\u00e9montr\u00e9 avec brio comment promouvoir l\u2019\u00e9quit\u00e9, la justice et l\u2019acc\u00e8s aux services juridiques. La vision et l\u2019h\u00e9ritage de R. Gordon Murray inspirent encore l\u2019organisme.<\/p>\n<p>The Best is Yet to Come a \u00e9t\u00e9 pr\u00e9sent\u00e9 lors d\u2019une projection sp\u00e9ciale \u00e0 Halifax le 12 septembre 2024. Le court film a \u00e9t\u00e9 r\u00e9alis\u00e9 et produit par les productions Ilienfero. Il a \u00e9t\u00e9 con\u00e7u et rendu possible par la gestionnaire principale de l\u2019Aide juridique de la Nouvelle-\u00c9cosse et coordonnatrice de la Commission, Lisa Stokkeskog, et la directrice g\u00e9n\u00e9rale, Charlene Moore, C.R.<\/p>\n<\/div><\/section>\n<div  class='avia-video av-av_video-8172c07eea22190c4d6ebd250d4af8a4 avia-video-16-9 av-no-preview-image avia-video-load-always av-lazyload-immediate av-lazyload-video-embed'  itemprop=\"video\" itemtype=\"https:\/\/schema.org\/VideoObject\"  data-original_url='https:\/\/youtu.be\/UEETqJKk4tY'><script type='text\/html' class='av-video-tmpl'><div class='avia-iframe-wrap'><iframe loading=\"lazy\" title=\"The Best is Yet to Come, The Story of R. Gordon Murray, KC\" width=\"1500\" height=\"844\" src=\"https:\/\/www.youtube.com\/embed\/UEETqJKk4tY?feature=oembed&autoplay=0&loop=0&controls=1&mute=0\" frameborder=\"0\" allow=\"accelerometer; autoplay; clipboard-write; encrypted-media; gyroscope; picture-in-picture; web-share\" referrerpolicy=\"strict-origin-when-cross-origin\" allowfullscreen><\/iframe><\/div><\/script><div class='av-click-to-play-overlay'><div class=\"avia_playpause_icon\"><\/div><\/div><\/div>\n<section  class='av_textblock_section av-av_textblock-0366cc7376be6c9e82a3e9cc8987b64f '   itemscope=\"itemscope\" itemtype=\"https:\/\/schema.org\/CreativeWork\" ><div class='avia_textblock'  itemprop=\"text\" ><p>R. Gordon Murray et l\u2019Aide juridique de la Nouvelle-\u00c9cosse<\/p>\n<p>Les gens qui connaissaient R. Gordon Murray (8 mai 1932 \u2013 26 novembre 2024) l\u2019appelaient simplement \u00ab Gord \u00bb.<\/p>\n<div id=\"attachment_73831\" style=\"width: 237px\" class=\"wp-caption aligncenter\"><a href=\"https:\/\/www.nslegalaid.ca\/wp-content\/uploads\/2024\/11\/1964-Bar-Gord.jpg\"><img loading=\"lazy\" decoding=\"async\" aria-describedby=\"caption-attachment-73831\" class=\"wp-image-73831 size-medium\" src=\"https:\/\/www.nslegalaid.ca\/wp-content\/uploads\/2024\/11\/1964-Bar-Gord-227x300.jpg\" alt=\"\" width=\"227\" height=\"300\" srcset=\"https:\/\/www.nslegalaid.ca\/wp-content\/uploads\/2024\/11\/1964-Bar-Gord-227x300.jpg 227w, https:\/\/www.nslegalaid.ca\/wp-content\/uploads\/2024\/11\/1964-Bar-Gord.jpg 519w, https:\/\/www.nslegalaid.ca\/wp-content\/uploads\/2024\/11\/1964-Bar-Gord-450x595.jpg 450w\" sizes=\"auto, (max-width: 227px) 100vw, 227px\" \/><\/a><p id=\"caption-attachment-73831\" class=\"wp-caption-text\">R. Gordon Murray, KC &#8211; 1964 Admission to Nova Scotia Barristers&rsquo; Society<\/p><\/div>\n<p>En 1969, alors que Gord s\u2019occupait d\u2019une soci\u00e9t\u00e9 de fiducie locale \u00e0 New Glasgow, en Nouvelle-\u00c9cosse, il a b\u00e9n\u00e9volement pris la direction d\u2019un projet d\u2019aide juridique dans le comt\u00e9 de Pictou. Gord affectait des avocats pro bono (sur une base volontaire et gratuite) lorsque le minist\u00e8re des Services communautaires d\u00e9cr\u00e9tait qu\u2019une personne avait droit \u00e0 l\u2019aide juridique. \u00c0 la m\u00eame \u00e9poque, Gord a commenc\u00e9 \u00e0 se rendre \u00e0 la Cour provinciale pour les comparutions et pour demander des ajournements. Gord a aussi d\u00e9cid\u00e9 de s\u2019occuper de causes sur une base pro bono en plus de son travail \u00e0 temps plein \u00e0 la soci\u00e9t\u00e9 de fiducie, ce qui laissait pr\u00e9sager la suite.<\/p>\n<p>Ce n\u2019est pas une co\u00efncidence si le comt\u00e9 de Pictou est l\u2019endroit o\u00f9 l\u2019Aide juridique a vu le jour. L\u2019annonce officielle, en 1971, de la cr\u00e9ation d\u2019un r\u00e9gime d\u2019aide juridique, a eu lieu \u00e0 l\u2019ancien motel Heather, \u00e0 Stellarton. Elle a \u00e9t\u00e9 faite par le ministre de la Justice de l\u2019\u00e9poque, Len Pace.<\/p>\n<p>En 1972, Gord a accept\u00e9 \u00e0 contrec\u0153ur le poste d\u2019avocat-conseil au bureau de l\u2019Aide juridique communautaire \u00e0 New Glasgow. D\u00e8s 1975, Gord a assum\u00e9 la direction g\u00e9n\u00e9rale du r\u00e9gime d\u2019aide juridique, qui deviendrait la Commission de l\u2019aide juridique de la Nouvelle-\u00c9cosse.<\/p>\n<p>En 1977, le gouvernement provincial a adopt\u00e9 la loi actuelle sur l\u2019aide juridique (Legal Aid Act), qui instaurait la Commission ind\u00e9pendante de l\u2019aide juridique de la Nouvelle-\u00c9cosse. Cette d\u00e9cision a \u00e9t\u00e9 prise \u00e0 la suite des recommandations contenues dans un rapport du juge W.A.D. Gunn (le \u00ab Gunn Report \u00bb). Selon les conclusions du rapport Gunn, le projet d\u2019aide juridique fut un succ\u00e8s absolu. Compte tenu de son importance, le rapport a recommand\u00e9 que le contr\u00f4le et l\u2019administration de l\u2019aide juridique soient confi\u00e9s \u00e0 un organisme ind\u00e9pendant. Gord a toujours \u00e9t\u00e9 profond\u00e9ment convaincu que l\u2019aide juridique devrait demeurer ind\u00e9pendante du gouvernement.<\/p>\n<p>En 1977, Gord Murray est devenu le premier directeur g\u00e9n\u00e9ral de la nouvelle Commission ind\u00e9pendante de l\u2019aide juridique de la Nouvelle-\u00c9cosse. Il est rest\u00e9 \u00e0 la t\u00eate de l\u2019Aide juridique de la Nouvelle-\u00c9cosse pendant pr\u00e8s de 20 ans. Gord a g\u00e9r\u00e9 avec succ\u00e8s les hauts et les bas typiques de la cr\u00e9ation, de la croissance et du fonctionnement d\u2019un organisme complexe d\u2019envergure provinciale. Malgr\u00e9 l\u2019incertitude politique et les crises financi\u00e8res, sans oublier un monde en constant changement, Gord est rest\u00e9 un leader in\u00e9branlable et passionn\u00e9, permettant \u00e0 l\u2019Aide juridique de la Nouvelle-\u00c9cosse de prendre de l&rsquo;ampleur et de changer la vie de milliers de personnes dans le besoin en Nouvelle-\u00c9cosse.<\/p>\n<p>Gord a conserv\u00e9 toute sa vie la passion qui l\u2019animait lorsqu\u2019il a commenc\u00e9 \u00e0 faire du b\u00e9n\u00e9volat pour l\u2019Aide juridique en 1969.<\/p>\n<p>Pour R. Gordon Murray, c. r., l\u2019Aide juridique a toujours \u00e9t\u00e9, et sera toujours, un \u00ab mouvement \u00bb<\/p>\n<p>&nbsp;<\/p>\n<\/div><\/section>\n\n<style type=\"text\/css\" data-created_by=\"avia_inline_auto\" id=\"style-css-av-av_hr-ee2847e2e025ce3d30801259a03f9fd4\">\n#top .hr.hr-invisible.av-av_hr-ee2847e2e025ce3d30801259a03f9fd4{\nheight:10px;\n}\n<\/style>\n<div  class='hr av-av_hr-ee2847e2e025ce3d30801259a03f9fd4 hr-invisible  avia-builder-el-5  el_after_av_textblock  avia-builder-el-last '><span class='hr-inner '><span class=\"hr-inner-style\"><\/span><\/span><\/div>\n","protected":false},"excerpt":{"rendered":"","protected":false},"author":5,"featured_media":0,"parent":3022,"menu_order":2,"comment_status":"closed","ping_status":"closed","template":"","meta":{"footnotes":""},"class_list":["post-74488","page","type-page","status-publish","hentry"],"aioseo_notices":[],"publishpress_future_action":{"enabled":false,"date":"2026-05-06 09:04:34","action":"change-status","newStatus":"draft","terms":[],"taxonomy":"translation_priority","extraData":[]},"publishpress_future_workflow_manual_trigger":{"enabledWorkflows":[]},"_links":{"self":[{"href":"https:\/\/www.nslegalaid.ca\/fr\/wp-json\/wp\/v2\/pages\/74488","targetHints":{"allow":["GET"]}}],"collection":[{"href":"https:\/\/www.nslegalaid.ca\/fr\/wp-json\/wp\/v2\/pages"}],"about":[{"href":"https:\/\/www.nslegalaid.ca\/fr\/wp-json\/wp\/v2\/types\/page"}],"author":[{"embeddable":true,"href":"https:\/\/www.nslegalaid.ca\/fr\/wp-json\/wp\/v2\/users\/5"}],"replies":[{"embeddable":true,"href":"https:\/\/www.nslegalaid.ca\/fr\/wp-json\/wp\/v2\/comments?post=74488"}],"version-history":[{"count":3,"href":"https:\/\/www.nslegalaid.ca\/fr\/wp-json\/wp\/v2\/pages\/74488\/revisions"}],"predecessor-version":[{"id":74492,"href":"https:\/\/www.nslegalaid.ca\/fr\/wp-json\/wp\/v2\/pages\/74488\/revisions\/74492"}],"up":[{"embeddable":true,"href":"https:\/\/www.nslegalaid.ca\/fr\/wp-json\/wp\/v2\/pages\/3022"}],"wp:attachment":[{"href":"https:\/\/www.nslegalaid.ca\/fr\/wp-json\/wp\/v2\/media?parent=74488"}],"curies":[{"name":"wp","href":"https:\/\/api.w.org\/{rel}","templated":true}]}}