{"id":3861,"date":"2017-03-10T15:21:19","date_gmt":"2017-03-10T19:21:19","guid":{"rendered":"https:\/\/www.nslegalaid.ca\/?page_id=3861\/"},"modified":"2024-10-07T09:35:51","modified_gmt":"2024-10-07T12:35:51","slug":"information-pour-les-avocats","status":"publish","type":"page","link":"https:\/\/www.nslegalaid.ca\/fr\/information-pour-les-avocats\/","title":{"rendered":"Information pour les avocats"},"content":{"rendered":"\n<style type=\"text\/css\" data-created_by=\"avia_inline_auto\" id=\"style-css-av-av_section-6dba8d47925691c9924cee1f00db6c98\">\n.avia-section.av-av_section-6dba8d47925691c9924cee1f00db6c98{\nbackground-repeat:no-repeat;\nbackground-image:url(https:\/\/www.nslegalaid.ca\/wp-content\/uploads\/2024\/04\/bg-temp2.png);\nbackground-position:50% 50%;\nbackground-attachment:scroll;\n}\n<\/style>\n<div id='av_section_1'  class='avia-section av-av_section-6dba8d47925691c9924cee1f00db6c98 main_color avia-section-small avia-no-border-styling  avia-builder-el-0  el_before_av_heading  avia-builder-el-first  avia-bg-style-scroll av-minimum-height av-minimum-height-custom av-height-custom  container_wrap sidebar_right'  data-section-bg-repeat='no-repeat' data-av_minimum_height_px='380'><div class='container av-section-cont-open' style='height:380px'><main  role=\"main\" itemprop=\"mainContentOfPage\"  class='template-page content  av-content-small alpha units'><div class='post-entry post-entry-type-page post-entry-3861'><div class='entry-content-wrapper clearfix'><\/div><\/div><\/main><!-- close content main element --><\/div><\/div><div id='after_section_1'  class='main_color av_default_container_wrap container_wrap sidebar_right'  ><div class='container av-section-cont-open' ><div class='template-page content  av-content-small alpha units'><div class='post-entry post-entry-type-page post-entry-3861'><div class='entry-content-wrapper clearfix'>\n\n<style type=\"text\/css\" data-created_by=\"avia_inline_auto\" id=\"style-css-av-av_heading-bfcb92ca0e61bd290d1c4d9fa2eec35f\">\n#top .av-special-heading.av-av_heading-bfcb92ca0e61bd290d1c4d9fa2eec35f{\npadding-bottom:0;\ncolor:#840c20;\n}\nbody .av-special-heading.av-av_heading-bfcb92ca0e61bd290d1c4d9fa2eec35f .av-special-heading-tag .heading-char{\nfont-size:25px;\n}\n.av-special-heading.av-av_heading-bfcb92ca0e61bd290d1c4d9fa2eec35f .special-heading-inner-border{\nborder-color:#840c20;\n}\n.av-special-heading.av-av_heading-bfcb92ca0e61bd290d1c4d9fa2eec35f .av-subheading{\nfont-size:15px;\n}\n<\/style>\n<div  class='av-special-heading av-av_heading-bfcb92ca0e61bd290d1c4d9fa2eec35f av-special-heading-h1 custom-color-heading blockquote modern-quote  avia-builder-el-1  el_after_av_section  el_before_av_textblock  avia-builder-el-first '><h1 class='av-special-heading-tag '  itemprop=\"headline\"  >Information pour les avocats<\/h1><div class=\"special-heading-border\"><div class=\"special-heading-inner-border\"><\/div><\/div><\/div>\n\n<style type=\"text\/css\" data-created_by=\"avia_inline_auto\" id=\"style-css-av-av_textblock-f98bc22fafaab7502d65c11d0b745e68\">\n#top .av_textblock_section.av-av_textblock-f98bc22fafaab7502d65c11d0b745e68 .avia_textblock{\nfont-size:21px;\n}\n<\/style>\n<section  class='av_textblock_section av-av_textblock-f98bc22fafaab7502d65c11d0b745e68 '   itemscope=\"itemscope\" itemtype=\"https:\/\/schema.org\/CreativeWork\" ><div class='avia_textblock'  itemprop=\"text\" ><p>L&rsquo;Aide juridique de la Nouvelle-\u00c9cosse appr\u00e9cie l&rsquo;implication du barreau priv\u00e9 dans la prestation de services juridiques aux personnes les plus vuln\u00e9rables et aux N\u00e9o-\u00c9cossais historiquement d\u00e9favoris\u00e9es. Merci de votre int\u00e9r\u00eat pour l&rsquo;aide juridique.<\/p>\n<p>La pr\u00e9sente section du site Web donne aux avocats du secteur priv\u00e9 acc\u00e8s \u00e0 des renseignements g\u00e9n\u00e9raux sur les services qu\u2019ils pourraient offrir aux clients de l\u2019Aide juridique. Suivent quelques exemples.<\/p>\n<\/div><\/section>\n<section  class='av_textblock_section av-av_textblock-0366cc7376be6c9e82a3e9cc8987b64f '   itemscope=\"itemscope\" itemtype=\"https:\/\/schema.org\/CreativeWork\" ><div class='avia_textblock'  itemprop=\"text\" ><p>\u2022 Avocats du certificat &#8211; fournir une repr\u00e9sentation l\u00e9gale compl\u00e8te ou limit\u00e9e aux avocats admissibles.<br \/>\n\u2022 Consultation apr\u00e8s les heures de service t\u00e9l\u00e9phonique &#8211; conseiller les personnes arr\u00eat\u00e9es ou d\u00e9tenues par un agent de la paix par t\u00e9l\u00e9phone apr\u00e8s les heures normales de bureau et les jours f\u00e9ri\u00e9s.<br \/>\n\u2022 Conseiller juridique &#8211; veuillez communiquer avec votre <a href=\"https:\/\/www.nslegalaid.ca\/fr\/bureaux-de-laide-juridique\/\">bureau d&rsquo;aide juridique<\/a> pour obtenir des renseignements.<\/p>\n<p>Si vous \u00eates d\u00e9j\u00e0 inscrit \u00e0 l&rsquo;aide juridique de la Nouvelle-\u00c9cosse pour figurer sur la liste des avocats du certificat ou de l&rsquo;AHTDC, veuillez visiter notre section de <a href=\"https:\/\/www.nslegalaid.ca\/fr\/information-pour-les-avocats\/certificate-ahtdc-lawyers-login\/\">connexion aux avocats du certificat et AHTDC<\/a> (en anglais seulement) et signer avec votre nom d&rsquo;utilisateur et votre mot de passe.<\/p>\n<h2>Aide juridique et certificat \/ apr\u00e8s les heures de service<\/h2>\n<p>Le Barreau priv\u00e9 traite environ 20% des cas d&rsquo;aide juridique compl\u00e8te, principalement lorsque les avocats du personnel sont en conflit de repr\u00e9sentation. Les tarifs sont fix\u00e9s par la province. Les taux varient selon le type de mati\u00e8re et les ann\u00e9es d&rsquo;exp\u00e9rience de l&rsquo;avocat.<\/p>\n<p>Nous offrons \u00e9galement un soutien aux avocats du Barreau priv\u00e9 qui participent \u00e0 des affaires d&rsquo;aide juridique ou qui sont inscrits sur la liste de l&rsquo;AHTDC en fournissant:<br \/>\n\u2022 Acc\u00e8s \u00e0 notre chercheur.<br \/>\n\u2022 Les avocats qui pratiquent le droit p\u00e9nal peuvent demander l&rsquo;aide de nos avocats en mati\u00e8re d&rsquo;appels criminels et d&rsquo;affaires sp\u00e9ciales.<br \/>\n\u2022 Les avocats qui traitent des cas de bien-\u00eatre de l&rsquo;enfance peuvent communiquer avec les membres de notre comit\u00e9 de l&rsquo;ASFC.<br \/>\n\u2022 Il existe \u00e9galement des possibilit\u00e9s continues d&rsquo;acc\u00e9der \u00e0 notre PD interne.<\/p>\n<p>Si vous \u00eates int\u00e9ress\u00e9 \u00e0 vous inscrire \u00e0 un certificat ou \u00e0 un avocat de l&rsquo;AHTDC, veuillez consulter la section appropri\u00e9e \u00e0 droite de cette page.<\/p>\n<\/div><\/section>\n","protected":false},"excerpt":{"rendered":"","protected":false},"author":6,"featured_media":0,"parent":0,"menu_order":0,"comment_status":"closed","ping_status":"closed","template":"","meta":{"footnotes":""},"class_list":["post-3861","page","type-page","status-publish","hentry"],"aioseo_notices":[],"publishpress_future_action":{"enabled":false,"date":"2026-05-06 02:07:54","action":"change-status","newStatus":"draft","terms":[],"taxonomy":"translation_priority","extraData":[]},"publishpress_future_workflow_manual_trigger":{"enabledWorkflows":[]},"_links":{"self":[{"href":"https:\/\/www.nslegalaid.ca\/fr\/wp-json\/wp\/v2\/pages\/3861","targetHints":{"allow":["GET"]}}],"collection":[{"href":"https:\/\/www.nslegalaid.ca\/fr\/wp-json\/wp\/v2\/pages"}],"about":[{"href":"https:\/\/www.nslegalaid.ca\/fr\/wp-json\/wp\/v2\/types\/page"}],"author":[{"embeddable":true,"href":"https:\/\/www.nslegalaid.ca\/fr\/wp-json\/wp\/v2\/users\/6"}],"replies":[{"embeddable":true,"href":"https:\/\/www.nslegalaid.ca\/fr\/wp-json\/wp\/v2\/comments?post=3861"}],"version-history":[{"count":11,"href":"https:\/\/www.nslegalaid.ca\/fr\/wp-json\/wp\/v2\/pages\/3861\/revisions"}],"predecessor-version":[{"id":73710,"href":"https:\/\/www.nslegalaid.ca\/fr\/wp-json\/wp\/v2\/pages\/3861\/revisions\/73710"}],"wp:attachment":[{"href":"https:\/\/www.nslegalaid.ca\/fr\/wp-json\/wp\/v2\/media?parent=3861"}],"curies":[{"name":"wp","href":"https:\/\/api.w.org\/{rel}","templated":true}]}}