{"id":3744,"date":"2017-03-10T15:23:52","date_gmt":"2017-03-10T19:23:52","guid":{"rendered":"https:\/\/www.nslegalaid.ca\/?page_id=3744\/"},"modified":"2022-10-26T16:11:50","modified_gmt":"2022-10-26T19:11:50","slug":"renseignements-sur-les-lois","status":"publish","type":"page","link":"https:\/\/www.nslegalaid.ca\/fr\/a-propos-de-nous\/renseignements-sur-les-lois\/","title":{"rendered":"Renseignements sur les lois"},"content":{"rendered":"\n<style type=\"text\/css\" data-created_by=\"avia_inline_auto\" id=\"style-css-av-av_section-8d7803f431581697573581366544cf82\">\n.avia-section.av-av_section-8d7803f431581697573581366544cf82{\nbackground-repeat:no-repeat;\nbackground-image:url(https:\/\/www.nslegalaid.ca\/wp-content\/uploads\/2015\/11\/banner-about-us2.jpg);\nbackground-position:50% 50%;\nbackground-attachment:scroll;\n}\n.avia-section.av-av_section-8d7803f431581697573581366544cf82 .av-section-color-overlay{\nopacity:0.2;\n}\n<\/style>\n<div id='av_section_1'  class='avia-section av-av_section-8d7803f431581697573581366544cf82 main_color avia-section-small avia-no-border-styling  avia-builder-el-0  el_before_av_heading  avia-builder-el-first  avia-bg-style-scroll av-section-color-overlay-active av-minimum-height av-minimum-height-custom av-height-custom  container_wrap sidebar_right'  data-section-bg-repeat='no-repeat' data-av_minimum_height_px='380'><div class=\"av-section-color-overlay-wrap\"><div class=\"av-section-color-overlay\"><\/div><div class='container av-section-cont-open' style='height:380px'><main  role=\"main\" itemprop=\"mainContentOfPage\"  class='template-page content  av-content-small alpha units'><div class='post-entry post-entry-type-page post-entry-3744'><div class='entry-content-wrapper clearfix'><\/div><\/div><\/main><!-- close content main element --><\/div><\/div><\/div><div id='after_section_1'  class='main_color av_default_container_wrap container_wrap sidebar_right'  ><div class='container av-section-cont-open' ><div class='template-page content  av-content-small alpha units'><div class='post-entry post-entry-type-page post-entry-3744'><div class='entry-content-wrapper clearfix'>\n\n<style type=\"text\/css\" data-created_by=\"avia_inline_auto\" id=\"style-css-av-av_heading-674c957e19ef054c5db144a58e086d95\">\n#top .av-special-heading.av-av_heading-674c957e19ef054c5db144a58e086d95{\npadding-bottom:0;\ncolor:#840c20;\n}\nbody .av-special-heading.av-av_heading-674c957e19ef054c5db144a58e086d95 .av-special-heading-tag .heading-char{\nfont-size:25px;\n}\n.av-special-heading.av-av_heading-674c957e19ef054c5db144a58e086d95 .special-heading-inner-border{\nborder-color:#840c20;\n}\n.av-special-heading.av-av_heading-674c957e19ef054c5db144a58e086d95 .av-subheading{\nfont-size:15px;\n}\n<\/style>\n<div  class='av-special-heading av-av_heading-674c957e19ef054c5db144a58e086d95 av-special-heading-h1 custom-color-heading blockquote modern-quote  avia-builder-el-1  el_after_av_section  el_before_av_textblock  avia-builder-el-first '><h1 class='av-special-heading-tag '  itemprop=\"headline\"  >Lois (la plupart en anglais)<\/h1><div class=\"special-heading-border\"><div class=\"special-heading-inner-border\"><\/div><\/div><\/div>\n\n<style type=\"text\/css\" data-created_by=\"avia_inline_auto\" id=\"style-css-av-av_textblock-f98bc22fafaab7502d65c11d0b745e68\">\n#top .av_textblock_section.av-av_textblock-f98bc22fafaab7502d65c11d0b745e68 .avia_textblock{\nfont-size:21px;\n}\n<\/style>\n<section  class='av_textblock_section av-av_textblock-f98bc22fafaab7502d65c11d0b745e68 '   itemscope=\"itemscope\" itemtype=\"https:\/\/schema.org\/CreativeWork\" ><div class='avia_textblock'  itemprop=\"text\" ><p>Si vous d\u00e9sirez plus d\u2019informations sur les lois n\u00e9o-\u00e9cossaises et f\u00e9d\u00e9rales qui traitent des services d\u2019aide juridique, cliquez sur les liens aux sites Web qui suivent.<\/p>\n<\/div><\/section>\n\n<style type=\"text\/css\" data-created_by=\"avia_inline_auto\" id=\"style-css-av-av_hr-ee2847e2e025ce3d30801259a03f9fd4\">\n#top .hr.hr-invisible.av-av_hr-ee2847e2e025ce3d30801259a03f9fd4{\nheight:10px;\n}\n<\/style>\n<div  class='hr av-av_hr-ee2847e2e025ce3d30801259a03f9fd4 hr-invisible  avia-builder-el-3  el_after_av_textblock  el_before_av_textblock '><span class='hr-inner '><span class=\"hr-inner-style\"><\/span><\/span><\/div>\n<section  class='av_textblock_section av-av_textblock-0366cc7376be6c9e82a3e9cc8987b64f '   itemscope=\"itemscope\" itemtype=\"https:\/\/schema.org\/CreativeWork\" ><div class='avia_textblock'  itemprop=\"text\" ><ul>\n<li>Loi sur l\u2019aide juridique de la Nouvelle-\u00c9cosse (<em>Legal Aid Act<\/em>) <a href=\"https:\/\/nslegislature.ca\/sites\/default\/files\/legc\/statutes\/legal%20aid.pdf\">https:\/\/nslegislature.ca\/sites\/default\/files\/legc\/statutes\/legal%20aid.pdf<\/a><\/li>\n<li>Lois de la Nouvelle-\u00c9cosse (Bureau des conseillers l\u00e9gislatifs) <a href=\"https:\/\/nslegislature.ca\/fr\/legislative-business\/bills-statutes\">https:\/\/nslegislature.ca\/fr\/legislative-business\/bills-statutes<\/a><\/li>\n<li>R\u00e8glements de la Nouvelle-\u00c9cosse list\u00e9s \u00e0 partir du nom de la loi <a href=\"https:\/\/novascotia.ca\/just\/regulations\/regsbyact.htm\">https:\/\/novascotia.ca\/just\/regulations\/regsbyact.htm<\/a><\/li>\n<li>Minist\u00e8re de la Justice du Canada (Lois f\u00e9d\u00e9rales) <a href=\"http:\/\/lois-laws.justice.gc.ca\/fra\/\">http:\/\/lois-laws.justice.gc.ca\/fra\/<\/a><\/li>\n<li>Lois, r\u00e8glements et jurisprudence du f\u00e9d\u00e9ral et des provinces <a href=\"https:\/\/www.canlii.org\/fr\/\">https:\/\/www.canlii.org\/fr\/<\/a><\/li>\n<\/ul>\n<\/div><\/section>\n","protected":false},"excerpt":{"rendered":"","protected":false},"author":6,"featured_media":0,"parent":3022,"menu_order":3,"comment_status":"closed","ping_status":"closed","template":"","meta":{"footnotes":""},"class_list":["post-3744","page","type-page","status-publish","hentry"],"aioseo_notices":[],"publishpress_future_action":{"enabled":false,"date":"2026-05-08 04:22:22","action":"change-status","newStatus":"draft","terms":[],"taxonomy":"translation_priority","extraData":[]},"publishpress_future_workflow_manual_trigger":{"enabledWorkflows":[]},"_links":{"self":[{"href":"https:\/\/www.nslegalaid.ca\/fr\/wp-json\/wp\/v2\/pages\/3744","targetHints":{"allow":["GET"]}}],"collection":[{"href":"https:\/\/www.nslegalaid.ca\/fr\/wp-json\/wp\/v2\/pages"}],"about":[{"href":"https:\/\/www.nslegalaid.ca\/fr\/wp-json\/wp\/v2\/types\/page"}],"author":[{"embeddable":true,"href":"https:\/\/www.nslegalaid.ca\/fr\/wp-json\/wp\/v2\/users\/6"}],"replies":[{"embeddable":true,"href":"https:\/\/www.nslegalaid.ca\/fr\/wp-json\/wp\/v2\/comments?post=3744"}],"version-history":[{"count":11,"href":"https:\/\/www.nslegalaid.ca\/fr\/wp-json\/wp\/v2\/pages\/3744\/revisions"}],"predecessor-version":[{"id":48967,"href":"https:\/\/www.nslegalaid.ca\/fr\/wp-json\/wp\/v2\/pages\/3744\/revisions\/48967"}],"up":[{"embeddable":true,"href":"https:\/\/www.nslegalaid.ca\/fr\/wp-json\/wp\/v2\/pages\/3022"}],"wp:attachment":[{"href":"https:\/\/www.nslegalaid.ca\/fr\/wp-json\/wp\/v2\/media?parent=3744"}],"curies":[{"name":"wp","href":"https:\/\/api.w.org\/{rel}","templated":true}]}}