{"id":3648,"date":"2017-03-09T10:52:53","date_gmt":"2017-03-09T14:52:53","guid":{"rendered":"https:\/\/www.nslegalaid.ca\/informations-juridiques\/aboriginal-justice\/"},"modified":"2020-11-16T10:52:44","modified_gmt":"2020-11-16T14:52:44","slug":"aboriginal-justice","status":"publish","type":"page","link":"https:\/\/www.nslegalaid.ca\/fr\/informations-juridiques\/aboriginal-justice\/","title":{"rendered":"Justice autochtone"},"content":{"rendered":"\n<style type=\"text\/css\" data-created_by=\"avia_inline_auto\" id=\"style-css-av-av_section-6f1a750d62f382facc6d0cd1c14892a3\">\n.avia-section.av-av_section-6f1a750d62f382facc6d0cd1c14892a3{\nbackground-repeat:no-repeat;\nbackground-image:url(https:\/\/www.nslegalaid.ca\/wp-content\/uploads\/2015\/05\/banner-legal-information-1.jpg);\nbackground-position:50% 50%;\nbackground-attachment:scroll;\n}\n<\/style>\n<div id='av_section_1'  class='avia-section av-av_section-6f1a750d62f382facc6d0cd1c14892a3 main_color avia-section-small avia-no-border-styling  avia-builder-el-0  el_before_av_heading  avia-builder-el-first  avia-bg-style-scroll av-minimum-height av-minimum-height-custom av-height-custom  container_wrap sidebar_right'  data-section-bg-repeat='no-repeat' data-av_minimum_height_px='380'><div class='container av-section-cont-open' style='height:380px'><main  role=\"main\" itemprop=\"mainContentOfPage\"  class='template-page content  av-content-small alpha units'><div class='post-entry post-entry-type-page post-entry-3648'><div class='entry-content-wrapper clearfix'><\/div><\/div><\/main><!-- close content main element --><\/div><\/div><div id='after_section_1'  class='main_color av_default_container_wrap container_wrap sidebar_right'  ><div class='container av-section-cont-open' ><div class='template-page content  av-content-small alpha units'><div class='post-entry post-entry-type-page post-entry-3648'><div class='entry-content-wrapper clearfix'>\n\n<style type=\"text\/css\" data-created_by=\"avia_inline_auto\" id=\"style-css-av-av_heading-77624512b906de859c4f9d10bbe0a5d1\">\n#top .av-special-heading.av-av_heading-77624512b906de859c4f9d10bbe0a5d1{\npadding-bottom:0;\ncolor:#840c20;\n}\nbody .av-special-heading.av-av_heading-77624512b906de859c4f9d10bbe0a5d1 .av-special-heading-tag .heading-char{\nfont-size:25px;\n}\n.av-special-heading.av-av_heading-77624512b906de859c4f9d10bbe0a5d1 .special-heading-inner-border{\nborder-color:#840c20;\n}\n.av-special-heading.av-av_heading-77624512b906de859c4f9d10bbe0a5d1 .av-subheading{\nfont-size:15px;\n}\n<\/style>\n<div  class='av-special-heading av-av_heading-77624512b906de859c4f9d10bbe0a5d1 av-special-heading-h1 custom-color-heading blockquote modern-quote  avia-builder-el-1  el_after_av_section  el_before_av_hr  avia-builder-el-first '><h1 class='av-special-heading-tag '  itemprop=\"headline\"  >Ressources judiciaires et information pour les autochtones<\/h1><div class=\"special-heading-border\"><div class=\"special-heading-inner-border\"><\/div><\/div><\/div>\n\n<style type=\"text\/css\" data-created_by=\"avia_inline_auto\" id=\"style-css-av-av_hr-ee2847e2e025ce3d30801259a03f9fd4\">\n#top .hr.hr-invisible.av-av_hr-ee2847e2e025ce3d30801259a03f9fd4{\nheight:10px;\n}\n<\/style>\n<div  class='hr av-av_hr-ee2847e2e025ce3d30801259a03f9fd4 hr-invisible  avia-builder-el-2  el_after_av_heading  el_before_av_textblock '><span class='hr-inner '><span class=\"hr-inner-style\"><\/span><\/span><\/div>\n<section  class='av_textblock_section av-av_textblock-0366cc7376be6c9e82a3e9cc8987b64f '   itemscope=\"itemscope\" itemtype=\"https:\/\/schema.org\/CreativeWork\" ><div class='avia_textblock'  itemprop=\"text\" ><section class=\"av_textblock_section\">\n<div class=\"avia_textblock \">\n<p>Pour obtenir plus de renseignements sur la justice applicable aux Autochtones en Nouvelle-\u00c9cosse, veuillez consulter les documents ou les liens \u00e9num\u00e9r\u00e9s ci-dessous.<\/p>\n<h3>Mati\u00e8res en droit familial visant des peuples autochtones PDF (en anglais seulement).<\/h3>\n<p><a href=\"https:\/\/www.nslegalaid.ca\/wp-content\/uploads\/2016\/06\/PLE-AJ-Family-Law-Matters-Involving-Aboriginal-Peoples.pdf\">PDF<\/a><\/p>\n<h3>La protection des enfants, le tribunal, et votre famille<\/h3>\n<p><a href=\"http:\/\/www.courts.ns.ca\/Child_Protection_Videos\/CP_videos_Mkq.htm\">Un vid\u00e9o en langue Mi\u2019kmaq<\/a><\/p>\n<h3>Brochures (en anglais seulement)<\/h3>\n<p>S&rsquo;identifier autochtone AJN\u00c9 (avril 2014)\u00a0 <a href=\"https:\/\/www.nslegalaid.ca\/wp-content\/uploads\/2015\/11\/Brochure-Aboriginal-Self-Identify-NSLA-April-2014.pdf\" rel=\"\">PDF<\/a><\/p>\n<p>Services de l\u2019AJN\u00c9 pour les communaut\u00e9s autochtones (d\u00e9cembre 2014) <a href=\"https:\/\/www.nslegalaid.ca\/wp-content\/uploads\/2015\/11\/Brochure-NSLA-Services-for-Aboriginal-Communities-December-2014.pdf\" rel=\"\">PDF<\/a><\/p>\n<p>Cliniques juridiques de Eskasoni et Wagmatcook <a href=\"https:\/\/www.nslegalaid.ca\/wp-content\/uploads\/2016\/05\/Brochure-Eskasoni-Wagmatcook-Legal-Clinics.pdf\">PDF<\/a><\/p>\n<\/div>\n<\/section>\n<\/div><\/section>\n","protected":false},"excerpt":{"rendered":"","protected":false},"author":5,"featured_media":0,"parent":3207,"menu_order":0,"comment_status":"closed","ping_status":"closed","template":"","meta":{"footnotes":""},"class_list":["post-3648","page","type-page","status-publish","hentry"],"aioseo_notices":[],"publishpress_future_action":{"enabled":false,"date":"2026-05-19 20:51:18","action":"change-status","newStatus":"draft","terms":[],"taxonomy":"translation_priority","extraData":[]},"publishpress_future_workflow_manual_trigger":{"enabledWorkflows":[]},"_links":{"self":[{"href":"https:\/\/www.nslegalaid.ca\/fr\/wp-json\/wp\/v2\/pages\/3648","targetHints":{"allow":["GET"]}}],"collection":[{"href":"https:\/\/www.nslegalaid.ca\/fr\/wp-json\/wp\/v2\/pages"}],"about":[{"href":"https:\/\/www.nslegalaid.ca\/fr\/wp-json\/wp\/v2\/types\/page"}],"author":[{"embeddable":true,"href":"https:\/\/www.nslegalaid.ca\/fr\/wp-json\/wp\/v2\/users\/5"}],"replies":[{"embeddable":true,"href":"https:\/\/www.nslegalaid.ca\/fr\/wp-json\/wp\/v2\/comments?post=3648"}],"version-history":[{"count":10,"href":"https:\/\/www.nslegalaid.ca\/fr\/wp-json\/wp\/v2\/pages\/3648\/revisions"}],"predecessor-version":[{"id":8036,"href":"https:\/\/www.nslegalaid.ca\/fr\/wp-json\/wp\/v2\/pages\/3648\/revisions\/8036"}],"up":[{"embeddable":true,"href":"https:\/\/www.nslegalaid.ca\/fr\/wp-json\/wp\/v2\/pages\/3207"}],"wp:attachment":[{"href":"https:\/\/www.nslegalaid.ca\/fr\/wp-json\/wp\/v2\/media?parent=3648"}],"curies":[{"name":"wp","href":"https:\/\/api.w.org\/{rel}","templated":true}]}}