{"id":3280,"date":"2017-02-22T15:50:00","date_gmt":"2017-02-22T19:50:00","guid":{"rendered":"https:\/\/www.nslegalaid.ca\/site-map\/"},"modified":"2017-09-07T12:13:51","modified_gmt":"2017-09-07T15:13:51","slug":"site-map","status":"publish","type":"page","link":"https:\/\/www.nslegalaid.ca\/fr\/site-map\/","title":{"rendered":"Carte de site"},"content":{"rendered":"\n<style type=\"text\/css\" data-created_by=\"avia_inline_auto\" id=\"style-css-av-av_section-b77d2f434d630a8ead5f62049f622915\">\n.avia-section.av-av_section-b77d2f434d630a8ead5f62049f622915{\nbackground-repeat:no-repeat;\nbackground-image:url(https:\/\/www.nslegalaid.ca\/wp-content\/uploads\/2015\/11\/banner-danny-red.jpg);\nbackground-position:50% 50%;\nbackground-attachment:scroll;\n}\n.avia-section.av-av_section-b77d2f434d630a8ead5f62049f622915 .av-section-color-overlay{\nopacity:0.2;\n}\n<\/style>\n<div id='av_section_1'  class='avia-section av-av_section-b77d2f434d630a8ead5f62049f622915 main_color avia-section-small avia-no-border-styling  avia-builder-el-0  el_before_av_heading  avia-builder-el-first  avia-bg-style-scroll av-section-color-overlay-active av-minimum-height av-minimum-height-custom av-height-custom  container_wrap sidebar_right'  data-section-bg-repeat='no-repeat' data-av_minimum_height_px='380'><div class=\"av-section-color-overlay-wrap\"><div class=\"av-section-color-overlay\"><\/div><div class='container av-section-cont-open' style='height:380px'><main  role=\"main\" itemprop=\"mainContentOfPage\"  class='template-page content  av-content-small alpha units'><div class='post-entry post-entry-type-page post-entry-3280'><div class='entry-content-wrapper clearfix'><\/div><\/div><\/main><!-- close content main element --><\/div><\/div><\/div><div id='after_section_1'  class='main_color av_default_container_wrap container_wrap sidebar_right'  ><div class='container av-section-cont-open' ><div class='template-page content  av-content-small alpha units'><div class='post-entry post-entry-type-page post-entry-3280'><div class='entry-content-wrapper clearfix'>\n\n<style type=\"text\/css\" data-created_by=\"avia_inline_auto\" id=\"style-css-av-av_heading-53eb0d82fe96ea494976e7f53ffb3907\">\n#top .av-special-heading.av-av_heading-53eb0d82fe96ea494976e7f53ffb3907{\npadding-bottom:15px;\ncolor:#840c20;\n}\nbody .av-special-heading.av-av_heading-53eb0d82fe96ea494976e7f53ffb3907 .av-special-heading-tag .heading-char{\nfont-size:25px;\n}\n.av-special-heading.av-av_heading-53eb0d82fe96ea494976e7f53ffb3907 .special-heading-inner-border{\nborder-color:#840c20;\n}\n.av-special-heading.av-av_heading-53eb0d82fe96ea494976e7f53ffb3907 .av-subheading{\nfont-size:15px;\n}\n<\/style>\n<div  class='av-special-heading av-av_heading-53eb0d82fe96ea494976e7f53ffb3907 av-special-heading-h1 custom-color-heading blockquote modern-quote  avia-builder-el-1  el_after_av_section  el_before_av_textblock  avia-builder-el-first '><h1 class='av-special-heading-tag '  itemprop=\"headline\"  >Carte de site<\/h1><div class=\"special-heading-border\"><div class=\"special-heading-inner-border\"><\/div><\/div><\/div>\n<div  class='avia-builder-widget-area clearfix '><div id=\"pages-2\" class=\"widget clearfix widget_pages\"><h3 class=\"widgettitle\">Pages<\/h3>\n\t\t\t<ul>\n\t\t\t\t<li class=\"page_item page-item-3022 page_item_has_children\"><a href=\"https:\/\/www.nslegalaid.ca\/fr\/a-propos-de-nous\/\">\u00c0 propos de nous<\/a>\n<ul class='children'>\n\t<li class=\"page_item page-item-3291\"><a href=\"https:\/\/www.nslegalaid.ca\/fr\/a-propos-de-nous\/expense-reports\/\">Expense Reports<\/a><\/li>\n\t<li class=\"page_item page-item-74488\"><a href=\"https:\/\/www.nslegalaid.ca\/fr\/a-propos-de-nous\/histoire-de-laide-juridique-de-la-nouvelle-ecosse\/\">Histoire de l\u2019Aide juridique de la Nouvelle-\u00c9cosse<\/a><\/li>\n\t<li class=\"page_item page-item-3067\"><a href=\"https:\/\/www.nslegalaid.ca\/fr\/a-propos-de-nous\/lequipe-de-gestion\/\">L\u2019\u00e9quipe de gestion<\/a><\/li>\n\t<li class=\"page_item page-item-3013\"><a href=\"https:\/\/www.nslegalaid.ca\/fr\/a-propos-de-nous\/mandat\/\">Mandat<\/a><\/li>\n\t<li class=\"page_item page-item-3038\"><a href=\"https:\/\/www.nslegalaid.ca\/fr\/a-propos-de-nous\/publications-de-laide-juridique\/\">Publications de l\u2019Aide juridique<\/a><\/li>\n\t<li class=\"page_item page-item-3744\"><a href=\"https:\/\/www.nslegalaid.ca\/fr\/a-propos-de-nous\/renseignements-sur-les-lois\/\">Renseignements sur les lois<\/a><\/li>\n<\/ul>\n<\/li>\n<li class=\"page_item page-item-3139\"><a href=\"https:\/\/www.nslegalaid.ca\/fr\/\">Aide juridique de la Nouvelle-\u00c9cosse<\/a><\/li>\n<li class=\"page_item page-item-3885\"><a href=\"https:\/\/www.nslegalaid.ca\/fr\/aide-juridique-de-la-nouvelle-ecosse-2\/\">Aide juridique de la Nouvelle-\u00c9cosse<\/a><\/li>\n<li class=\"page_item page-item-3911\"><a href=\"https:\/\/www.nslegalaid.ca\/fr\/aide-juridique-de-la-nouvelle-ecosse-3\/\">Aide juridique de la Nouvelle-\u00c9cosse<\/a><\/li>\n<li class=\"page_item page-item-3080\"><a href=\"https:\/\/www.nslegalaid.ca\/fr\/presenter-une-demande-daide-juridique\/\">Apply Online<\/a><\/li>\n<li class=\"page_item page-item-3672\"><a href=\"https:\/\/www.nslegalaid.ca\/fr\/board-members-news-documents-login\/\">Board Members News and Documents Login<\/a><\/li>\n<li class=\"page_item page-item-3153\"><a href=\"https:\/\/www.nslegalaid.ca\/fr\/bureaux-de-laide-juridique\/\">Bureaux de l\u2019Aide juridique<\/a><\/li>\n<li class=\"page_item page-item-11434\"><a href=\"https:\/\/www.nslegalaid.ca\/fr\/careers\/\">Carri\u00e8res<\/a><\/li>\n<li class=\"page_item page-item-3280\"><a href=\"https:\/\/www.nslegalaid.ca\/fr\/site-map\/\">Carte de site<\/a><\/li>\n<li class=\"page_item page-item-3181 page_item_has_children\"><a href=\"https:\/\/www.nslegalaid.ca\/fr\/ce-que-nous-faisons\/\">Ce que nous faisons<\/a>\n<ul class='children'>\n\t<li class=\"page_item page-item-3199\"><a href=\"https:\/\/www.nslegalaid.ca\/fr\/ce-que-nous-faisons\/comment-travailler-avec-votre-avocat\/\">Comment travailler avec votre avocat<\/a><\/li>\n\t<li class=\"page_item page-item-3191\"><a href=\"https:\/\/www.nslegalaid.ca\/fr\/ce-que-nous-faisons\/obtenir-de-laide-juridique-2\/\">Obtenir de l\u2019aide juridique<\/a><\/li>\n\t<li class=\"page_item page-item-3193\"><a href=\"https:\/\/www.nslegalaid.ca\/fr\/ce-que-nous-faisons\/procedure-pour-faire-une-demande\/\">Proc\u00e9dure pour faire une demande d&rsquo;aide juridique<\/a><\/li>\n\t<li class=\"page_item page-item-3196\"><a href=\"https:\/\/www.nslegalaid.ca\/fr\/ce-que-nous-faisons\/que-faire-si-des-services-juridiques-me-sont-refuses\/\">Que faire si des services juridiques me sont refus\u00e9s?<\/a><\/li>\n\t<li class=\"page_item page-item-3185\"><a href=\"https:\/\/www.nslegalaid.ca\/fr\/ce-que-nous-faisons\/obtenir-de-laide-juridique\/\">Services d\u2019aide juridique offerts<\/a><\/li>\n<\/ul>\n<\/li>\n<li class=\"page_item page-item-3084\"><a href=\"https:\/\/www.nslegalaid.ca\/fr\/communiquez-avec-nous\/\">Communiquez avec nous<\/a><\/li>\n<li class=\"page_item page-item-3675\"><a href=\"https:\/\/www.nslegalaid.ca\/fr\/downloadable-files-unlisted\/\">Downloadable Files (unlisted)<\/a><\/li>\n<li class=\"page_item page-item-3098\"><a href=\"https:\/\/www.nslegalaid.ca\/fr\/foire-aux-questions\/\">Foire aux questions<\/a><\/li>\n<li class=\"page_item page-item-3861 page_item_has_children\"><a href=\"https:\/\/www.nslegalaid.ca\/fr\/information-pour-les-avocats\/\">Information pour les avocats<\/a>\n<ul class='children'>\n\t<li class=\"page_item page-item-3319\"><a href=\"https:\/\/www.nslegalaid.ca\/fr\/information-pour-les-avocats\/accepting-certificates\/\">Accepting Certificates<\/a><\/li>\n\t<li class=\"page_item page-item-3269\"><a href=\"https:\/\/www.nslegalaid.ca\/fr\/information-pour-les-avocats\/certificate-ahtdc-lawyers-login\/\">Connexion des avocats acceptant des certificats et des consultations apr\u00e8s les heures de service t\u00e9l\u00e9phonique<\/a><\/li>\n\t<li class=\"page_item page-item-3264\"><a href=\"https:\/\/www.nslegalaid.ca\/fr\/information-pour-les-avocats\/after-hours-telephone-duty-counsel\/\">Consultation apr\u00e8s les heures de service t\u00e9l\u00e9phonique<\/a><\/li>\n<\/ul>\n<\/li>\n<li class=\"page_item page-item-3207 page_item_has_children\"><a href=\"https:\/\/www.nslegalaid.ca\/fr\/informations-juridiques\/\">Informations juridiques<\/a>\n<ul class='children'>\n\t<li class=\"page_item page-item-3228\"><a href=\"https:\/\/www.nslegalaid.ca\/fr\/informations-juridiques\/assurance-emploi\/\">Assurance-emploi<\/a><\/li>\n\t<li class=\"page_item page-item-3236\"><a href=\"https:\/\/www.nslegalaid.ca\/fr\/informations-juridiques\/autres-problemes-juridiques\/\">Autres probl\u00e8mes juridiques<\/a><\/li>\n\t<li class=\"page_item page-item-12299\"><a href=\"https:\/\/www.nslegalaid.ca\/fr\/informations-juridiques\/brochures-rack-cards\/\">Brochures &#038; Rack Cards<\/a><\/li>\n\t<li class=\"page_item page-item-3248\"><a href=\"https:\/\/www.nslegalaid.ca\/fr\/informations-juridiques\/droit-de-la-famille\/\">Droit de la famille<\/a><\/li>\n\t<li class=\"page_item page-item-3244\"><a href=\"https:\/\/www.nslegalaid.ca\/fr\/informations-juridiques\/droit-de-la-jeunesse\/\">Droit de la jeunesse<\/a><\/li>\n\t<li class=\"page_item page-item-3252\"><a href=\"https:\/\/www.nslegalaid.ca\/fr\/informations-juridiques\/droit-penal\/\">Droit p\u00e9nal<\/a><\/li>\n\t<li class=\"page_item page-item-3648\"><a href=\"https:\/\/www.nslegalaid.ca\/fr\/informations-juridiques\/aboriginal-justice\/\">Justice autochtone<\/a><\/li>\n\t<li class=\"page_item page-item-3215\"><a href=\"https:\/\/www.nslegalaid.ca\/fr\/informations-juridiques\/regime-de-pensions-du-canada\/\">R\u00e9gime de pensions du Canada<\/a><\/li>\n\t<li class=\"page_item page-item-3219\"><a href=\"https:\/\/www.nslegalaid.ca\/fr\/informations-juridiques\/video-sur-la-protection-de-lenfance\/\">Vid\u00e9o sur la protection de l&rsquo;enfance<\/a><\/li>\n<\/ul>\n<\/li>\n<li class=\"page_item page-item-3034\"><a href=\"https:\/\/www.nslegalaid.ca\/fr\/loi-sur-laide-juridique\/\">Loi sur l\u2019aide juridique<\/a><\/li>\n<li class=\"page_item page-item-3277\"><a href=\"https:\/\/www.nslegalaid.ca\/fr\/news\/\">News<\/a><\/li>\n<li class=\"page_item page-item-15838\"><a href=\"https:\/\/www.nslegalaid.ca\/fr\/oa\/\">Nova Scotia Legal Aid Online Application<\/a><\/li>\n<li class=\"page_item page-item-2992\"><a href=\"https:\/\/www.nslegalaid.ca\/fr\/politique-de-confidentialite\/\">Politique de confidentialit\u00e9<\/a><\/li>\n<li class=\"page_item page-item-3203\"><a href=\"https:\/\/www.nslegalaid.ca\/fr\/qui-est-admissible\/\">Qui est admissible?<\/a><\/li>\n<li class=\"page_item page-item-3287\"><a href=\"https:\/\/www.nslegalaid.ca\/fr\/survey\/\">Survey<\/a><\/li>\n\t\t\t<\/ul>\n\n\t\t\t<\/div><\/div>\n","protected":false},"excerpt":{"rendered":"","protected":false},"author":5,"featured_media":0,"parent":0,"menu_order":0,"comment_status":"closed","ping_status":"open","template":"","meta":{"footnotes":""},"class_list":["post-3280","page","type-page","status-publish","hentry"],"aioseo_notices":[],"publishpress_future_action":{"enabled":false,"date":"2026-05-07 05:23:14","action":"change-status","newStatus":"draft","terms":[],"taxonomy":"translation_priority","extraData":[]},"publishpress_future_workflow_manual_trigger":{"enabledWorkflows":[]},"_links":{"self":[{"href":"https:\/\/www.nslegalaid.ca\/fr\/wp-json\/wp\/v2\/pages\/3280","targetHints":{"allow":["GET"]}}],"collection":[{"href":"https:\/\/www.nslegalaid.ca\/fr\/wp-json\/wp\/v2\/pages"}],"about":[{"href":"https:\/\/www.nslegalaid.ca\/fr\/wp-json\/wp\/v2\/types\/page"}],"author":[{"embeddable":true,"href":"https:\/\/www.nslegalaid.ca\/fr\/wp-json\/wp\/v2\/users\/5"}],"replies":[{"embeddable":true,"href":"https:\/\/www.nslegalaid.ca\/fr\/wp-json\/wp\/v2\/comments?post=3280"}],"version-history":[{"count":8,"href":"https:\/\/www.nslegalaid.ca\/fr\/wp-json\/wp\/v2\/pages\/3280\/revisions"}],"predecessor-version":[{"id":5924,"href":"https:\/\/www.nslegalaid.ca\/fr\/wp-json\/wp\/v2\/pages\/3280\/revisions\/5924"}],"wp:attachment":[{"href":"https:\/\/www.nslegalaid.ca\/fr\/wp-json\/wp\/v2\/media?parent=3280"}],"curies":[{"name":"wp","href":"https:\/\/api.w.org\/{rel}","templated":true}]}}