{"id":3244,"date":"2017-02-22T15:33:55","date_gmt":"2017-02-22T19:33:55","guid":{"rendered":"https:\/\/www.nslegalaid.ca\/informations-juridiques\/droit-de-la-jeunesse\/"},"modified":"2020-11-04T10:19:52","modified_gmt":"2020-11-04T14:19:52","slug":"droit-de-la-jeunesse","status":"publish","type":"page","link":"https:\/\/www.nslegalaid.ca\/fr\/informations-juridiques\/droit-de-la-jeunesse\/","title":{"rendered":"Droit de la jeunesse"},"content":{"rendered":"\n<style type=\"text\/css\" data-created_by=\"avia_inline_auto\" id=\"style-css-av-av_section-6f1a750d62f382facc6d0cd1c14892a3\">\n.avia-section.av-av_section-6f1a750d62f382facc6d0cd1c14892a3{\nbackground-repeat:no-repeat;\nbackground-image:url(https:\/\/www.nslegalaid.ca\/wp-content\/uploads\/2015\/05\/banner-legal-information-1.jpg);\nbackground-position:50% 50%;\nbackground-attachment:scroll;\n}\n<\/style>\n<div id='av_section_1'  class='avia-section av-av_section-6f1a750d62f382facc6d0cd1c14892a3 main_color avia-section-small avia-no-border-styling  avia-builder-el-0  el_before_av_heading  avia-builder-el-first  avia-bg-style-scroll av-minimum-height av-minimum-height-custom av-height-custom  container_wrap sidebar_right'  data-section-bg-repeat='no-repeat' data-av_minimum_height_px='380'><div class='container av-section-cont-open' style='height:380px'><main  role=\"main\" itemprop=\"mainContentOfPage\"  class='template-page content  av-content-small alpha units'><div class='post-entry post-entry-type-page post-entry-3244'><div class='entry-content-wrapper clearfix'><\/div><\/div><\/main><!-- close content main element --><\/div><\/div><div id='after_section_1'  class='main_color av_default_container_wrap container_wrap sidebar_right'  ><div class='container av-section-cont-open' ><div class='template-page content  av-content-small alpha units'><div class='post-entry post-entry-type-page post-entry-3244'><div class='entry-content-wrapper clearfix'>\n\n<style type=\"text\/css\" data-created_by=\"avia_inline_auto\" id=\"style-css-av-av_heading-e17ea0a9e49899af7fc7d28cfd982a61\">\n#top .av-special-heading.av-av_heading-e17ea0a9e49899af7fc7d28cfd982a61{\npadding-bottom:0;\ncolor:#840c20;\n}\nbody .av-special-heading.av-av_heading-e17ea0a9e49899af7fc7d28cfd982a61 .av-special-heading-tag .heading-char{\nfont-size:25px;\n}\n.av-special-heading.av-av_heading-e17ea0a9e49899af7fc7d28cfd982a61 .special-heading-inner-border{\nborder-color:#840c20;\n}\n.av-special-heading.av-av_heading-e17ea0a9e49899af7fc7d28cfd982a61 .av-subheading{\nfont-size:15px;\n}\n<\/style>\n<div  class='av-special-heading av-av_heading-e17ea0a9e49899af7fc7d28cfd982a61 av-special-heading-h1 custom-color-heading blockquote modern-quote  avia-builder-el-1  el_after_av_section  el_before_av_textblock  avia-builder-el-first '><h1 class='av-special-heading-tag '  itemprop=\"headline\"  >Ressources et informations de la Nouvelle-\u00c9cosse en mati\u00e8re de droit de la jeunesse <\/h1><div class=\"special-heading-border\"><div class=\"special-heading-inner-border\"><\/div><\/div><\/div>\n\n<style type=\"text\/css\" data-created_by=\"avia_inline_auto\" id=\"style-css-av-av_textblock-f98bc22fafaab7502d65c11d0b745e68\">\n#top .av_textblock_section.av-av_textblock-f98bc22fafaab7502d65c11d0b745e68 .avia_textblock{\nfont-size:21px;\n}\n<\/style>\n<section  class='av_textblock_section av-av_textblock-f98bc22fafaab7502d65c11d0b745e68 '   itemscope=\"itemscope\" itemtype=\"https:\/\/schema.org\/CreativeWork\" ><div class='avia_textblock'  itemprop=\"text\" ><p>Ressources et informations de la Nouvelle-\u00c9cosse en mati\u00e8re de droit de la jeunesse Pour plus d\u2019informations sur le droit de la jeunesse en Nouvelle-\u00c9cosse, consultez les documents ou cliquez sur les liens qui suivent.<\/p>\n<\/div><\/section>\n\n<style type=\"text\/css\" data-created_by=\"avia_inline_auto\" id=\"style-css-av-av_hr-ee2847e2e025ce3d30801259a03f9fd4\">\n#top .hr.hr-invisible.av-av_hr-ee2847e2e025ce3d30801259a03f9fd4{\nheight:10px;\n}\n<\/style>\n<div  class='hr av-av_hr-ee2847e2e025ce3d30801259a03f9fd4 hr-invisible  avia-builder-el-3  el_after_av_textblock  el_before_av_textblock '><span class='hr-inner '><span class=\"hr-inner-style\"><\/span><\/span><\/div>\n<section  class='av_textblock_section av-av_textblock-0366cc7376be6c9e82a3e9cc8987b64f '   itemscope=\"itemscope\" itemtype=\"https:\/\/schema.org\/CreativeWork\" ><div class='avia_textblock'  itemprop=\"text\" ><h3>Qu\u2019est-ce que l\u2019Aide juridique peut faire pour moi?<\/h3>\n<p><a href=\"https:\/\/www.nslegalaid.ca\/wp-content\/uploads\/2017\/04\/French-What-can-NS-Legal-Aid-help-me-with.pdf\">T\u00e9l\u00e9chargez le document.<\/a><\/p>\n<h3>Qui est admissible aux services de l\u2019Aide juridique pour les jeunes?<\/h3>\n<p><a href=\"https:\/\/www.nslegalaid.ca\/wp-content\/uploads\/2017\/04\/French-Who-is-eligible-for-Youth-Justice-Legal-Aid-Services.pdf\">T\u00e9l\u00e9chargez le document.<\/a><\/p>\n<h3>Comment obtenir un rendez-vous avec un avocat de l\u2019Aide juridique?<\/h3>\n<p><a href=\"https:\/\/www.nslegalaid.ca\/wp-content\/uploads\/2017\/04\/French-How-do-I-make-an-appt-with-a-legal-aid-lawyer.pdf\">T\u00e9l\u00e9chargez le document.<\/a><\/p>\n<h3>La police veut m\u2019interroger. Que dois-je faire?<\/h3>\n<p><a href=\"https:\/\/www.nslegalaid.ca\/wp-content\/uploads\/2017\/04\/French-Police-want-to-question-me_What-do-I-do.pdf\">T\u00e9l\u00e9chargez le document.<\/a><\/p>\n<h3>J\u2019ai \u00e9t\u00e9 accus\u00e9 d\u2019un d\u00e9lit. Que va-t-il se passer?<\/h3>\n<p><a href=\"https:\/\/www.nslegalaid.ca\/wp-content\/uploads\/2017\/04\/French-I-have-been-charges-with-an-offence_What-now.pdf\">T\u00e9l\u00e9chargez le document.<\/a><\/p>\n<h3>O\u00f9 puis-je obtenir plus d\u2019aide ou plus d\u2019informations?<\/h3>\n<p><a href=\"https:\/\/www.nslegalaid.ca\/wp-content\/uploads\/2017\/04\/French-Where-else-can-I-get-more-help-or-information.pdf\">T\u00e9l\u00e9chargez le document.<\/a><\/p>\n<h3>Mon enseignant ou le directeur veut me fouiller. Quels sont mes droits?<\/h3>\n<p><a href=\"https:\/\/www.nslegalaid.ca\/wp-content\/uploads\/2015\/11\/PLE-YOUTH-Search-by-School-January-2016.pdf\">T\u00e9l\u00e9chargez le document. (en anglais seulement)<\/a><\/p>\n<h3>Suspendu ou expuls\u00e9 d\u2019une \u00e9cole publique?\u00a0 Ce que tu dois faire<\/h3>\n<p><a href=\"https:\/\/www.nslegalaid.ca\/wp-content\/uploads\/2015\/11\/PLE-YOUTH-Suspended-or-Expelled-January-2016.pdf\">T\u00e9l\u00e9chargez le document. (en anglais seulement)<\/a><\/p>\n<h3>Comment mettre fin \u00e0 la prise en charge par le minist\u00e8re des Services communautaires?<\/h3>\n<p><a href=\"https:\/\/www.nslegalaid.ca\/wp-content\/uploads\/2015\/11\/PLE-YOUTH-Want-to-Get-Out-of-Care-of-DCS-January-2016.pdf\">T\u00e9l\u00e9chargez le document. (en anglais seulement)<\/a><\/p>\n<h3>Tu as une contravention pour exc\u00e8s de vitesse. Que va-t-il se passer?<\/h3>\n<p><a href=\"https:\/\/www.nslegalaid.ca\/wp-content\/uploads\/2015\/11\/PLE-YOUTH-Speeding-Ticket-January-2016.pdf\">T\u00e9l\u00e9chargez le document. (en anglais seulement)<\/a><\/p>\n<\/div><\/section>\n","protected":false},"excerpt":{"rendered":"","protected":false},"author":5,"featured_media":0,"parent":3207,"menu_order":0,"comment_status":"closed","ping_status":"closed","template":"","meta":{"footnotes":""},"class_list":["post-3244","page","type-page","status-publish","hentry"],"aioseo_notices":[],"publishpress_future_action":{"enabled":false,"date":"2026-05-06 00:49:46","action":"change-status","newStatus":"draft","terms":[],"taxonomy":"translation_priority","extraData":[]},"publishpress_future_workflow_manual_trigger":{"enabledWorkflows":[]},"_links":{"self":[{"href":"https:\/\/www.nslegalaid.ca\/fr\/wp-json\/wp\/v2\/pages\/3244","targetHints":{"allow":["GET"]}}],"collection":[{"href":"https:\/\/www.nslegalaid.ca\/fr\/wp-json\/wp\/v2\/pages"}],"about":[{"href":"https:\/\/www.nslegalaid.ca\/fr\/wp-json\/wp\/v2\/types\/page"}],"author":[{"embeddable":true,"href":"https:\/\/www.nslegalaid.ca\/fr\/wp-json\/wp\/v2\/users\/5"}],"replies":[{"embeddable":true,"href":"https:\/\/www.nslegalaid.ca\/fr\/wp-json\/wp\/v2\/comments?post=3244"}],"version-history":[{"count":10,"href":"https:\/\/www.nslegalaid.ca\/fr\/wp-json\/wp\/v2\/pages\/3244\/revisions"}],"predecessor-version":[{"id":16121,"href":"https:\/\/www.nslegalaid.ca\/fr\/wp-json\/wp\/v2\/pages\/3244\/revisions\/16121"}],"up":[{"embeddable":true,"href":"https:\/\/www.nslegalaid.ca\/fr\/wp-json\/wp\/v2\/pages\/3207"}],"wp:attachment":[{"href":"https:\/\/www.nslegalaid.ca\/fr\/wp-json\/wp\/v2\/media?parent=3244"}],"curies":[{"name":"wp","href":"https:\/\/api.w.org\/{rel}","templated":true}]}}