{"id":3219,"date":"2017-02-22T14:52:35","date_gmt":"2017-02-22T18:52:35","guid":{"rendered":"https:\/\/www.nslegalaid.ca\/informations-juridiques\/video-sur-la-protection-de-lenfance\/"},"modified":"2018-04-11T14:32:03","modified_gmt":"2018-04-11T17:32:03","slug":"video-sur-la-protection-de-lenfance","status":"publish","type":"page","link":"https:\/\/www.nslegalaid.ca\/fr\/informations-juridiques\/video-sur-la-protection-de-lenfance\/","title":{"rendered":"Vid\u00e9o sur la protection de l&rsquo;enfance"},"content":{"rendered":"<div id='av_section_1'  class='avia-section av-av_section-d3d15d5a0926388c86b66fe17fb33d16 main_color avia-section-small avia-no-border-styling  avia-builder-el-0  el_before_av_heading  avia-builder-el-first  avia-bg-style-scroll av-minimum-height av-minimum-height-custom av-height-custom  container_wrap sidebar_right'   data-av_minimum_height_px='380'><div class='container av-section-cont-open' style='height:380px'><main  role=\"main\" itemprop=\"mainContentOfPage\"  class='template-page content  av-content-small alpha units'><div class='post-entry post-entry-type-page post-entry-3219'><div class='entry-content-wrapper clearfix'><\/div><\/div><\/main><!-- close content main element --><\/div><\/div><div id='after_section_1'  class='main_color av_default_container_wrap container_wrap sidebar_right'  ><div class='container av-section-cont-open' ><div class='template-page content  av-content-small alpha units'><div class='post-entry post-entry-type-page post-entry-3219'><div class='entry-content-wrapper clearfix'>\n\n<style type=\"text\/css\" data-created_by=\"avia_inline_auto\" id=\"style-css-av-av_heading-3752e2bc3ba92aee0883aef016b41622\">\n#top .av-special-heading.av-av_heading-3752e2bc3ba92aee0883aef016b41622{\npadding-bottom:0;\ncolor:#840c20;\n}\nbody .av-special-heading.av-av_heading-3752e2bc3ba92aee0883aef016b41622 .av-special-heading-tag .heading-char{\nfont-size:25px;\n}\n.av-special-heading.av-av_heading-3752e2bc3ba92aee0883aef016b41622 .special-heading-inner-border{\nborder-color:#840c20;\n}\n.av-special-heading.av-av_heading-3752e2bc3ba92aee0883aef016b41622 .av-subheading{\nfont-size:15px;\n}\n<\/style>\n<div  class='av-special-heading av-av_heading-3752e2bc3ba92aee0883aef016b41622 av-special-heading-h1 custom-color-heading blockquote modern-quote  avia-builder-el-1  el_after_av_section  el_before_av_textblock  avia-builder-el-first '><h1 class='av-special-heading-tag '  itemprop=\"headline\"  >Vid\u00e9o d\u2019informations sur la protection de l\u2019enfance (en anglais seulement) <\/h1><div class=\"special-heading-border\"><div class=\"special-heading-inner-border\"><\/div><\/div><\/div>\n\n<style type=\"text\/css\" data-created_by=\"avia_inline_auto\" id=\"style-css-av-av_textblock-f98bc22fafaab7502d65c11d0b745e68\">\n#top .av_textblock_section.av-av_textblock-f98bc22fafaab7502d65c11d0b745e68 .avia_textblock{\nfont-size:21px;\n}\n<\/style>\n<section  class='av_textblock_section av-av_textblock-f98bc22fafaab7502d65c11d0b745e68 '   itemscope=\"itemscope\" itemtype=\"https:\/\/schema.org\/CreativeWork\" ><div class='avia_textblock'  itemprop=\"text\" ><p>Les questions de protection de l\u2019enfance sont tr\u00e8s graves. Si vos enfants ont \u00e9t\u00e9 pris en charge pour leur protection, vous et votre famille vivez des moments difficiles. La vid\u00e9o et le livret d\u2019informations peuvent r\u00e9pondre \u00e0 beaucoup de vos questions. Avec l\u2019aide d\u2019un avocat et la bonne attitude, vous pouvez travailler pour ravoir vos enfants ou pour les garder chez vous si l\u2019agence assure la supervision.<\/p>\n<\/div><\/section>\n\n<style type=\"text\/css\" data-created_by=\"avia_inline_auto\" id=\"style-css-av-av_hr-ee2847e2e025ce3d30801259a03f9fd4\">\n#top .hr.hr-invisible.av-av_hr-ee2847e2e025ce3d30801259a03f9fd4{\nheight:10px;\n}\n<\/style>\n<div  class='hr av-av_hr-ee2847e2e025ce3d30801259a03f9fd4 hr-invisible  avia-builder-el-3  el_after_av_textblock  el_before_av_textblock '><span class='hr-inner '><span class=\"hr-inner-style\"><\/span><\/span><\/div>\n<section  class='av_textblock_section av-av_textblock-0366cc7376be6c9e82a3e9cc8987b64f '   itemscope=\"itemscope\" itemtype=\"https:\/\/schema.org\/CreativeWork\" ><div class='avia_textblock'  itemprop=\"text\" ><p>Pour la vid\u00e9o en anglais \u2013<a href=\"http:\/\/courts.ns.ca\/Child_Protection_Videos\/CP_videos_Eng.htm\" target=\"_blank\" rel=\"noopener\"> cliquez ici<\/a>.<\/p>\n<\/div><\/section>\n<section  class='av_textblock_section av-av_textblock-0366cc7376be6c9e82a3e9cc8987b64f '   itemscope=\"itemscope\" itemtype=\"https:\/\/schema.org\/CreativeWork\" ><div class='avia_textblock'  itemprop=\"text\" ><p>Pour la vid\u00e9o en mi\u2019kmaw &#8211; <a href=\"http:\/\/courts.ns.ca\/Child_Protection_Videos\/CP_videos_Mkq.htm\">cliquez ici<\/a>.<\/p>\n<\/div><\/section>\n\n<style type=\"text\/css\" data-created_by=\"avia_inline_auto\" id=\"style-css-av-av_hr-ee2847e2e025ce3d30801259a03f9fd4\">\n#top .hr.hr-invisible.av-av_hr-ee2847e2e025ce3d30801259a03f9fd4{\nheight:10px;\n}\n<\/style>\n<div  class='hr av-av_hr-ee2847e2e025ce3d30801259a03f9fd4 hr-invisible  avia-builder-el-6  el_after_av_textblock  el_before_av_textblock '><span class='hr-inner '><span class=\"hr-inner-style\"><\/span><\/span><\/div>\n<section  class='av_textblock_section av-av_textblock-0366cc7376be6c9e82a3e9cc8987b64f '   itemscope=\"itemscope\" itemtype=\"https:\/\/schema.org\/CreativeWork\" ><div class='avia_textblock'  itemprop=\"text\" ><p>La brochure \u201cCe que vous devez savoir lorsque la protection de l\u2019enfance prend en charge vos enfants . . . .\u201d (01-18) peut \u00eatre trouv\u00e9e ci-dessous\u00a0:<\/p>\n<p>Anglais \u2013 <a href=\"https:\/\/www.nslegalaid.ca\/wp-content\/uploads\/2018\/01\/CFSA-English-What-you-need-to-know-when-Child-Protection-takes-your-children-into-care....Booklet-09-17.pdf\" target=\"_blank\" rel=\"noopener\">CFSA \u2013 anglais \u2013 La brochure \u201cCe que vous devez savoir lorsque la protection de l\u2019enfance prend en charge vos enfants . . . .\u201d (09-17)<\/a><\/p>\n<p>Fran\u00e7ais \u2013<a href=\"https:\/\/www.nslegalaid.ca\/wp-content\/uploads\/2018\/01\/CFSA-French-What-you-need-to-know-when-Child-Protection-takes-your-children-into-care....Booklet-09-17.pdf\" target=\"_blank\" rel=\"noopener\"> CFSA \u2013 fran\u00e7ais \u2013 \u00a0La brochure \u201cCe que vous devez savoir lorsque la protection de l\u2019enfance prend en charge vos enfants . . . .\u201d (09-17)<\/a><\/p>\n<p>Mi\u2019kmaq \u2013 <a href=\"https:\/\/www.nslegalaid.ca\/wp-content\/uploads\/2018\/01\/CFSA-Mikmaq-What-you-need-to-know-when-Child-Protection-takes-your-children-into-care....Booklet-01-18.pdf\" target=\"_blank\" rel=\"noopener\">CFSA \u2013 Mi\u2019kmaq \u2013\u00a0 La brochure \u201cCe que vous devez savoir lorsque la protection de l\u2019enfance prend en charge vos enfants . . . .\u201d (01-18)<\/a><\/p>\n<p>La brochure Mi\u2019kmaq est \u00e9galement offerte oralement au\u00a0: <a href=\"http:\/\/courts.ns.ca\/child_protection_videos\/CP_videos_Mkq.htm\" target=\"_blank\" rel=\"noopener\">http:\/\/courts.ns.ca\/child_protection_videos\/CP_videos_Mkq.htm<\/a><\/p>\n<ul>\n<li>Que s&rsquo;est-il pass\u00e9?<\/li>\n<li>O\u00f9 sont vos enfants?<\/li>\n<li>Quand pouvez-vous les voir?<\/li>\n<li>Qu\u2019est-ce que vous pouvez faire pour \u00eatre certain que votre famille reste ensemble?<\/li>\n<\/ul>\n<p><strong>Important<\/strong><\/p>\n<ul>\n<li>La vid\u00e9o s\u2019adresse aux adultes.<\/li>\n<li>Il ne faut pas la regarder avec vos enfants.<\/li>\n<li>Visionnez-la avec votre avocat, un travailleur social ou une personne-soutien.<\/li>\n<li>Posez des questions et demandez de l\u2019aide tout au long du processus pour la protection de l\u2019enfance.<\/li>\n<\/ul>\n<p>Regardez les sept sections dans l\u2019ordre de pr\u00e9sentation. Par la suite, vous pouvez visionner la section qui porte sur la prochaine \u00e9tape que vous entreprendrez dans le processus judiciaire.<\/p>\n<\/div><\/section>\n","protected":false},"excerpt":{"rendered":"","protected":false},"author":5,"featured_media":0,"parent":3207,"menu_order":0,"comment_status":"closed","ping_status":"closed","template":"","meta":{"footnotes":""},"class_list":["post-3219","page","type-page","status-publish","hentry"],"aioseo_notices":[],"publishpress_future_action":{"enabled":false,"date":"2026-05-06 02:05:39","action":"change-status","newStatus":"draft","terms":[],"taxonomy":"translation_priority","extraData":[]},"publishpress_future_workflow_manual_trigger":{"enabledWorkflows":[]},"_links":{"self":[{"href":"https:\/\/www.nslegalaid.ca\/fr\/wp-json\/wp\/v2\/pages\/3219","targetHints":{"allow":["GET"]}}],"collection":[{"href":"https:\/\/www.nslegalaid.ca\/fr\/wp-json\/wp\/v2\/pages"}],"about":[{"href":"https:\/\/www.nslegalaid.ca\/fr\/wp-json\/wp\/v2\/types\/page"}],"author":[{"embeddable":true,"href":"https:\/\/www.nslegalaid.ca\/fr\/wp-json\/wp\/v2\/users\/5"}],"replies":[{"embeddable":true,"href":"https:\/\/www.nslegalaid.ca\/fr\/wp-json\/wp\/v2\/comments?post=3219"}],"version-history":[{"count":10,"href":"https:\/\/www.nslegalaid.ca\/fr\/wp-json\/wp\/v2\/pages\/3219\/revisions"}],"predecessor-version":[{"id":6412,"href":"https:\/\/www.nslegalaid.ca\/fr\/wp-json\/wp\/v2\/pages\/3219\/revisions\/6412"}],"up":[{"embeddable":true,"href":"https:\/\/www.nslegalaid.ca\/fr\/wp-json\/wp\/v2\/pages\/3207"}],"wp:attachment":[{"href":"https:\/\/www.nslegalaid.ca\/fr\/wp-json\/wp\/v2\/media?parent=3219"}],"curies":[{"name":"wp","href":"https:\/\/api.w.org\/{rel}","templated":true}]}}