{"id":3215,"date":"2017-02-22T14:46:40","date_gmt":"2017-02-22T18:46:40","guid":{"rendered":"https:\/\/www.nslegalaid.ca\/informations-juridiques\/regime-de-pensions-du-canada\/"},"modified":"2025-10-22T09:11:12","modified_gmt":"2025-10-22T12:11:12","slug":"regime-de-pensions-du-canada","status":"publish","type":"page","link":"https:\/\/www.nslegalaid.ca\/fr\/informations-juridiques\/regime-de-pensions-du-canada\/","title":{"rendered":"R\u00e9gime de pensions du Canada"},"content":{"rendered":"\n<style type=\"text\/css\" data-created_by=\"avia_inline_auto\" id=\"style-css-av-vbkgm-bcb656ebb6103a030fcc2905333b9050\">\n.avia-section.av-vbkgm-bcb656ebb6103a030fcc2905333b9050{\nbackground-repeat:no-repeat;\nbackground-image:url(https:\/\/www.nslegalaid.ca\/wp-content\/uploads\/2024\/04\/bg-temp2.png);\nbackground-position:50% 50%;\nbackground-attachment:scroll;\n}\n<\/style>\n<div id='av_section_1'  class='avia-section av-vbkgm-bcb656ebb6103a030fcc2905333b9050 main_color avia-section-small avia-no-border-styling  avia-builder-el-0  el_before_av_heading  avia-builder-el-first  avia-bg-style-scroll av-minimum-height av-minimum-height-custom av-height-custom  container_wrap sidebar_right'  data-section-bg-repeat='no-repeat' data-av_minimum_height_px='380'><div class='container av-section-cont-open' style='height:380px'><main  role=\"main\" itemprop=\"mainContentOfPage\"  class='template-page content  av-content-small alpha units'><div class='post-entry post-entry-type-page post-entry-3215'><div class='entry-content-wrapper clearfix'><\/div><\/div><\/main><!-- close content main element --><\/div><\/div><div id='after_section_1'  class='main_color av_default_container_wrap container_wrap sidebar_right'  ><div class='container av-section-cont-open' ><div class='template-page content  av-content-small alpha units'><div class='post-entry post-entry-type-page post-entry-3215'><div class='entry-content-wrapper clearfix'>\n\n<style type=\"text\/css\" data-created_by=\"avia_inline_auto\" id=\"style-css-av-pkbta-a9f7c33901a26e37949418b499ec3402\">\n#top .av-special-heading.av-pkbta-a9f7c33901a26e37949418b499ec3402{\npadding-bottom:0;\ncolor:#840c20;\n}\nbody .av-special-heading.av-pkbta-a9f7c33901a26e37949418b499ec3402 .av-special-heading-tag .heading-char{\nfont-size:25px;\n}\n.av-special-heading.av-pkbta-a9f7c33901a26e37949418b499ec3402 .special-heading-inner-border{\nborder-color:#840c20;\n}\n.av-special-heading.av-pkbta-a9f7c33901a26e37949418b499ec3402 .av-subheading{\nfont-size:15px;\n}\n<\/style>\n<div  class='av-special-heading av-pkbta-a9f7c33901a26e37949418b499ec3402 av-special-heading-h1 custom-color-heading blockquote modern-quote  avia-builder-el-1  el_after_av_section  el_before_av_textblock  avia-builder-el-first '><h1 class='av-special-heading-tag '  itemprop=\"headline\"  >Ressources et informations en Nouvelle-\u00c9cosse sur les plaintes et les litiges li\u00e9s au R\u00e9gime de pensions du Canada<\/h1><div class=\"special-heading-border\"><div class=\"special-heading-inner-border\"><\/div><\/div><\/div>\n\n<style type=\"text\/css\" data-created_by=\"avia_inline_auto\" id=\"style-css-av-nhf1y-83762ae14c083ab641048a28b237357a\">\n#top .av_textblock_section.av-nhf1y-83762ae14c083ab641048a28b237357a .avia_textblock{\nfont-size:21px;\n}\n<\/style>\n<section  class='av_textblock_section av-nhf1y-83762ae14c083ab641048a28b237357a '   itemscope=\"itemscope\" itemtype=\"https:\/\/schema.org\/CreativeWork\" ><div class='avia_textblock'  itemprop=\"text\" ><p>Pour plus d\u2019informations sur vos droits relativement aux r\u00e9clamations et aux conflits li\u00e9s au R\u00e9gime de pensions du Canada en Nouvelle-\u00c9cosse, consultez les documents ou cliquez sur les liens qui suivent.<\/p>\n<\/div><\/section>\n\n<style type=\"text\/css\" data-created_by=\"avia_inline_auto\" id=\"style-css-av-eucr2-a5fee2c9ac09e01ebe88b917c52839cc\">\n#top .hr.hr-invisible.av-eucr2-a5fee2c9ac09e01ebe88b917c52839cc{\nheight:10px;\n}\n<\/style>\n<div  class='hr av-eucr2-a5fee2c9ac09e01ebe88b917c52839cc hr-invisible  avia-builder-el-3  el_after_av_textblock  el_before_av_textblock '><span class='hr-inner '><span class=\"hr-inner-style\"><\/span><\/span><\/div>\n<section  class='av_textblock_section av-b8hli-a79f59b46e963a39d9a5d218dbe87cfd '   itemscope=\"itemscope\" itemtype=\"https:\/\/schema.org\/CreativeWork\" ><div class='avia_textblock'  itemprop=\"text\" ><h3>Pension d\u2019invalidit\u00e9 du R\u00e9gime de pensions du Canada<\/h3>\n<p><a href=\"https:\/\/www.nslegalaid.ca\/wp-content\/uploads\/2017\/04\/FR-CPP-Disability-Pension-with-Graphics-02-10-15.pdf\">T\u00e9l\u00e9chargez le document.<\/a><\/p>\n<\/div><\/section>\n","protected":false},"excerpt":{"rendered":"","protected":false},"author":5,"featured_media":0,"parent":3207,"menu_order":0,"comment_status":"closed","ping_status":"closed","template":"","meta":{"footnotes":""},"class_list":["post-3215","page","type-page","status-publish","hentry"],"aioseo_notices":[],"publishpress_future_action":{"enabled":false,"date":"2026-05-06 02:15:41","action":"change-status","newStatus":"draft","terms":[],"taxonomy":"translation_priority","extraData":[]},"publishpress_future_workflow_manual_trigger":{"enabledWorkflows":[]},"_links":{"self":[{"href":"https:\/\/www.nslegalaid.ca\/fr\/wp-json\/wp\/v2\/pages\/3215","targetHints":{"allow":["GET"]}}],"collection":[{"href":"https:\/\/www.nslegalaid.ca\/fr\/wp-json\/wp\/v2\/pages"}],"about":[{"href":"https:\/\/www.nslegalaid.ca\/fr\/wp-json\/wp\/v2\/types\/page"}],"author":[{"embeddable":true,"href":"https:\/\/www.nslegalaid.ca\/fr\/wp-json\/wp\/v2\/users\/5"}],"replies":[{"embeddable":true,"href":"https:\/\/www.nslegalaid.ca\/fr\/wp-json\/wp\/v2\/comments?post=3215"}],"version-history":[{"count":10,"href":"https:\/\/www.nslegalaid.ca\/fr\/wp-json\/wp\/v2\/pages\/3215\/revisions"}],"predecessor-version":[{"id":75263,"href":"https:\/\/www.nslegalaid.ca\/fr\/wp-json\/wp\/v2\/pages\/3215\/revisions\/75263"}],"up":[{"embeddable":true,"href":"https:\/\/www.nslegalaid.ca\/fr\/wp-json\/wp\/v2\/pages\/3207"}],"wp:attachment":[{"href":"https:\/\/www.nslegalaid.ca\/fr\/wp-json\/wp\/v2\/media?parent=3215"}],"curies":[{"name":"wp","href":"https:\/\/api.w.org\/{rel}","templated":true}]}}