{"id":3203,"date":"2017-02-22T14:34:34","date_gmt":"2017-02-22T18:34:34","guid":{"rendered":"https:\/\/www.nslegalaid.ca\/qui-est-admissible\/"},"modified":"2018-04-10T11:14:59","modified_gmt":"2018-04-10T14:14:59","slug":"qui-est-admissible","status":"publish","type":"page","link":"https:\/\/www.nslegalaid.ca\/fr\/qui-est-admissible\/","title":{"rendered":"Qui est admissible?"},"content":{"rendered":"\n<style type=\"text\/css\" data-created_by=\"avia_inline_auto\" id=\"style-css-av-av_section-7a769eb5984ca9c8e4b5f4383b17611b\">\n.avia-section.av-av_section-7a769eb5984ca9c8e4b5f4383b17611b{\nbackground-repeat:no-repeat;\nbackground-image:url(https:\/\/www.nslegalaid.ca\/wp-content\/uploads\/2015\/05\/banner-darren-legal-aid-lawyer.jpg);\nbackground-position:50% 50%;\nbackground-attachment:scroll;\n}\n.avia-section.av-av_section-7a769eb5984ca9c8e4b5f4383b17611b .av-section-color-overlay{\nopacity:0.2;\n}\n<\/style>\n<div id='av_section_1'  class='avia-section av-av_section-7a769eb5984ca9c8e4b5f4383b17611b main_color avia-section-small avia-no-border-styling  avia-builder-el-0  el_before_av_heading  avia-builder-el-first  avia-bg-style-scroll av-section-color-overlay-active av-minimum-height av-minimum-height-custom av-height-custom  container_wrap sidebar_right'  data-section-bg-repeat='no-repeat' data-av_minimum_height_px='380'><div class=\"av-section-color-overlay-wrap\"><div class=\"av-section-color-overlay\"><\/div><div class='container av-section-cont-open' style='height:380px'><main  role=\"main\" itemprop=\"mainContentOfPage\"  class='template-page content  av-content-small alpha units'><div class='post-entry post-entry-type-page post-entry-3203'><div class='entry-content-wrapper clearfix'><\/div><\/div><\/main><!-- close content main element --><\/div><\/div><\/div><div id='after_section_1'  class='main_color av_default_container_wrap container_wrap sidebar_right'  ><div class='container av-section-cont-open' ><div class='template-page content  av-content-small alpha units'><div class='post-entry post-entry-type-page post-entry-3203'><div class='entry-content-wrapper clearfix'>\n\n<style type=\"text\/css\" data-created_by=\"avia_inline_auto\" id=\"style-css-av-av_heading-d1d5682e37e5a911f674e1e3f18e0f68\">\n#top .av-special-heading.av-av_heading-d1d5682e37e5a911f674e1e3f18e0f68{\npadding-bottom:15px;\ncolor:#840c20;\n}\nbody .av-special-heading.av-av_heading-d1d5682e37e5a911f674e1e3f18e0f68 .av-special-heading-tag .heading-char{\nfont-size:25px;\n}\n.av-special-heading.av-av_heading-d1d5682e37e5a911f674e1e3f18e0f68 .special-heading-inner-border{\nborder-color:#840c20;\n}\n.av-special-heading.av-av_heading-d1d5682e37e5a911f674e1e3f18e0f68 .av-subheading{\nfont-size:15px;\n}\n<\/style>\n<div  class='av-special-heading av-av_heading-d1d5682e37e5a911f674e1e3f18e0f68 av-special-heading-h1 custom-color-heading blockquote modern-quote  avia-builder-el-1  el_after_av_section  el_before_av_textblock  avia-builder-el-first '><h1 class='av-special-heading-tag '  itemprop=\"headline\"  >Admissibilit\u00e9 \u00e0 l\u2019aide juridique<\/h1><div class=\"special-heading-border\"><div class=\"special-heading-inner-border\"><\/div><\/div><\/div>\n\n<style type=\"text\/css\" data-created_by=\"avia_inline_auto\" id=\"style-css-av-av_textblock-f98bc22fafaab7502d65c11d0b745e68\">\n#top .av_textblock_section.av-av_textblock-f98bc22fafaab7502d65c11d0b745e68 .avia_textblock{\nfont-size:21px;\n}\n<\/style>\n<section  class='av_textblock_section av-av_textblock-f98bc22fafaab7502d65c11d0b745e68 '   itemscope=\"itemscope\" itemtype=\"https:\/\/schema.org\/CreativeWork\" ><div class='avia_textblock'  itemprop=\"text\" ><p>L\u2019Aide juridique de la Nouvelle-\u00c9cosse est l\u00e0 pour aider tous les N\u00e9o-\u00c9cossais. Nous pouvons aider pour des questions juridiques li\u00e9es au droit familial, p\u00e9nal et social (prestations de revenu et s\u00e9curit\u00e9 du logement).<\/p>\n<\/div><\/section>\n\n<style type=\"text\/css\" data-created_by=\"avia_inline_auto\" id=\"style-css-av-av_hr-ee2847e2e025ce3d30801259a03f9fd4\">\n#top .hr.hr-invisible.av-av_hr-ee2847e2e025ce3d30801259a03f9fd4{\nheight:10px;\n}\n<\/style>\n<div  class='hr av-av_hr-ee2847e2e025ce3d30801259a03f9fd4 hr-invisible  avia-builder-el-3  el_after_av_textblock  el_before_av_textblock '><span class='hr-inner '><span class=\"hr-inner-style\"><\/span><\/span><\/div>\n<section  class='av_textblock_section av-av_textblock-0366cc7376be6c9e82a3e9cc8987b64f '   itemscope=\"itemscope\" itemtype=\"https:\/\/schema.org\/CreativeWork\" ><div class='avia_textblock'  itemprop=\"text\" ><p>L\u2019Aide juridique de la Nouvelle-\u00c9cosse fournit des renseignements ou des conseils juridiques \u00e0 tous. Si vous \u00eates admissible, nous attribuerons un avocat \u00e0 votre cause si vous en avez besoin.<\/p>\n<p>Pour savoir si vous \u00eates admissible aux services d\u2019un avocat, vous devez remplir le formulaire de demande. L\u2019admissibilit\u00e9 est fond\u00e9e sur votre revenu et vos d\u00e9penses, ainsi que sur le bien-fond\u00e9 de votre cause. Vos renseignements financiers demeureront confidentiels. Si vous d\u00e9passez les lignes directrices financi\u00e8res de plus de 50\u00a0%, vous pourriez tout de m\u00eame \u00eatre admissible, mais vous aurez peut-\u00eatre \u00e0 d\u00e9bourser une partie des honoraires de votre avocat.<\/p>\n<p><strong>L\u2019admissibilit\u00e9 \u00e0 un avocat comporte trois volets\u00a0:<\/strong><\/p>\n<p>R\u00e9pondez-vous aux crit\u00e8res financiers?<\/p>\n<p>Offrons-nous une repr\u00e9sentation dans ce domaine du droit?<\/p>\n<p>Juridiquement parlant, le bien-fond\u00e9 de votre cause a-t-il \u00e9t\u00e9 \u00e9tabli? (Cela signifie que vous avez des chances raisonnables de r\u00e9ussite en portant votre probl\u00e8me de nature juridique devant un tribunal ou un comit\u00e9 d\u2019audience.)<\/p>\n<p>Vous serez admissible \u00e0 l\u2019aide juridique sur le plan financier si vous \u00eates admissible \u00e0 l\u2019aide au revenu, ou que vous \u00eates dans une position comparable, ou si le fait de payer vous-m\u00eame un avocat vous pla\u00e7ait \u00e0 un niveau d\u2019aide au revenu.<\/p>\n<p>Dans certains cas, vous pourriez obtenir de l\u2019aide juridique si vous n\u2019\u00eates pas en mesure d\u2019engager un avocat sans subir des difficult\u00e9s financi\u00e8res exceptionnelles, ou sans avoir \u00e0 vendre des actifs modestes n\u00e9cessaires.<\/p>\n<p>Une entente de contribution pourrait \u00eatre envisag\u00e9e si vous d\u00e9passez les lignes directrices financi\u00e8res de plus de 50\u00a0%. Si vous n\u2019\u00eates pas admissible \u00e0 un avocat pour plaider votre cause, nous vous aiderons quand m\u00eame en vous fournissant des renseignements ou des conseils.<\/p>\n<p>Pour obtenir les coordonn\u00e9es des bureaux de l\u2019Aide juridique, veuillez visiter la section <a href=\"https:\/\/www.nslegalaid.ca\/fr\/communiquez-avec-nous\/\" target=\"_blank\" rel=\"noopener\">Communiquez avec nous<\/a> de ce site web.<\/p>\n<p>Soumettez une demande en ligne \u00e0 l\u2019Aide juridique ici\u00a0: <a href=\"https:\/\/www.nslegalaid.ca\/fr\/presenter-une-demande-daide-juridique\/\" target=\"_blank\" rel=\"noopener\">Demande en ligne<\/a><\/p>\n<p>Pour obtenir des renseignements sur l\u2019admissibilit\u00e9 \u00e0 l\u2019aide juridique et le r\u00e8glement relatif \u00e0 l\u2019aide juridique, cliquez ici\u00a0: <a href=\"https:\/\/www.nslegalaid.ca\/fr\/a-propos-de-nous\/renseignements-sur-les-lois\/\" target=\"_blank\" rel=\"noopener\">Loi<\/a>.<\/p>\n<\/div><\/section>\n","protected":false},"excerpt":{"rendered":"","protected":false},"author":5,"featured_media":0,"parent":0,"menu_order":0,"comment_status":"closed","ping_status":"open","template":"","meta":{"footnotes":""},"class_list":["post-3203","page","type-page","status-publish","hentry"],"aioseo_notices":[],"publishpress_future_action":{"enabled":false,"date":"2026-05-19 20:37:30","action":"change-status","newStatus":"draft","terms":[],"taxonomy":"translation_priority","extraData":[]},"publishpress_future_workflow_manual_trigger":{"enabledWorkflows":[]},"_links":{"self":[{"href":"https:\/\/www.nslegalaid.ca\/fr\/wp-json\/wp\/v2\/pages\/3203","targetHints":{"allow":["GET"]}}],"collection":[{"href":"https:\/\/www.nslegalaid.ca\/fr\/wp-json\/wp\/v2\/pages"}],"about":[{"href":"https:\/\/www.nslegalaid.ca\/fr\/wp-json\/wp\/v2\/types\/page"}],"author":[{"embeddable":true,"href":"https:\/\/www.nslegalaid.ca\/fr\/wp-json\/wp\/v2\/users\/5"}],"replies":[{"embeddable":true,"href":"https:\/\/www.nslegalaid.ca\/fr\/wp-json\/wp\/v2\/comments?post=3203"}],"version-history":[{"count":11,"href":"https:\/\/www.nslegalaid.ca\/fr\/wp-json\/wp\/v2\/pages\/3203\/revisions"}],"predecessor-version":[{"id":7913,"href":"https:\/\/www.nslegalaid.ca\/fr\/wp-json\/wp\/v2\/pages\/3203\/revisions\/7913"}],"wp:attachment":[{"href":"https:\/\/www.nslegalaid.ca\/fr\/wp-json\/wp\/v2\/media?parent=3203"}],"curies":[{"name":"wp","href":"https:\/\/api.w.org\/{rel}","templated":true}]}}