{"id":3199,"date":"2017-02-22T14:32:17","date_gmt":"2017-02-22T18:32:17","guid":{"rendered":"https:\/\/www.nslegalaid.ca\/ce-que-nous-faisons\/comment-travailler-avec-votre-avocat\/"},"modified":"2017-05-04T10:47:29","modified_gmt":"2017-05-04T13:47:29","slug":"comment-travailler-avec-votre-avocat","status":"publish","type":"page","link":"https:\/\/www.nslegalaid.ca\/fr\/ce-que-nous-faisons\/comment-travailler-avec-votre-avocat\/","title":{"rendered":"Comment travailler avec votre avocat"},"content":{"rendered":"\n<style type=\"text\/css\" data-created_by=\"avia_inline_auto\" id=\"style-css-av-av_section-f8ea1f0e1da5dcb8951f1c6ec087e4b1\">\n.avia-section.av-av_section-f8ea1f0e1da5dcb8951f1c6ec087e4b1{\nbackground-repeat:no-repeat;\nbackground-image:url(https:\/\/www.nslegalaid.ca\/wp-content\/uploads\/2015\/05\/banner-darren-legal-aid-lawyer.jpg);\nbackground-position:50% 50%;\nbackground-attachment:scroll;\n}\n<\/style>\n<div id='av_section_1'  class='avia-section av-av_section-f8ea1f0e1da5dcb8951f1c6ec087e4b1 main_color avia-section-small avia-no-border-styling  avia-builder-el-0  el_before_av_heading  avia-builder-el-first  avia-bg-style-scroll av-minimum-height av-minimum-height-custom av-height-custom  container_wrap sidebar_right'  data-section-bg-repeat='no-repeat' data-av_minimum_height_px='380'><div class='container av-section-cont-open' style='height:380px'><main  role=\"main\" itemprop=\"mainContentOfPage\"  class='template-page content  av-content-small alpha units'><div class='post-entry post-entry-type-page post-entry-3199'><div class='entry-content-wrapper clearfix'><\/div><\/div><\/main><!-- close content main element --><\/div><\/div><div id='after_section_1'  class='main_color av_default_container_wrap container_wrap sidebar_right'  ><div class='container av-section-cont-open' ><div class='template-page content  av-content-small alpha units'><div class='post-entry post-entry-type-page post-entry-3199'><div class='entry-content-wrapper clearfix'>\n\n<style type=\"text\/css\" data-created_by=\"avia_inline_auto\" id=\"style-css-av-av_heading-f21a47f32be77f6d40d10daf7d439098\">\n#top .av-special-heading.av-av_heading-f21a47f32be77f6d40d10daf7d439098{\npadding-bottom:0;\ncolor:#840c20;\n}\nbody .av-special-heading.av-av_heading-f21a47f32be77f6d40d10daf7d439098 .av-special-heading-tag .heading-char{\nfont-size:25px;\n}\n.av-special-heading.av-av_heading-f21a47f32be77f6d40d10daf7d439098 .special-heading-inner-border{\nborder-color:#840c20;\n}\n.av-special-heading.av-av_heading-f21a47f32be77f6d40d10daf7d439098 .av-subheading{\nfont-size:15px;\n}\n<\/style>\n<div  class='av-special-heading av-av_heading-f21a47f32be77f6d40d10daf7d439098 av-special-heading-h1 custom-color-heading blockquote modern-quote  avia-builder-el-1  el_after_av_section  el_before_av_textblock  avia-builder-el-first '><h1 class='av-special-heading-tag '  itemprop=\"headline\"  >Fa\u00e7on de travailler avec votre avocat de l\u2019Aide juridique <\/h1><div class=\"special-heading-border\"><div class=\"special-heading-inner-border\"><\/div><\/div><\/div>\n\n<style type=\"text\/css\" data-created_by=\"avia_inline_auto\" id=\"style-css-av-av_textblock-f98bc22fafaab7502d65c11d0b745e68\">\n#top .av_textblock_section.av-av_textblock-f98bc22fafaab7502d65c11d0b745e68 .avia_textblock{\nfont-size:21px;\n}\n<\/style>\n<section  class='av_textblock_section av-av_textblock-f98bc22fafaab7502d65c11d0b745e68 '   itemscope=\"itemscope\" itemtype=\"https:\/\/schema.org\/CreativeWork\" ><div class='avia_textblock'  itemprop=\"text\" ><p>Si un avocat de l\u2019Aide juridique vous a \u00e9t\u00e9 assign\u00e9, il y a des choses que vous pouvez faire pour obtenir les meilleurs r\u00e9sultats possible.<\/p>\n<\/div><\/section>\n<section  class='av_textblock_section av-av_textblock-0366cc7376be6c9e82a3e9cc8987b64f '   itemscope=\"itemscope\" itemtype=\"https:\/\/schema.org\/CreativeWork\" ><div class='avia_textblock'  itemprop=\"text\" ><ul>\n<li>Fournissez \u00e0 votre avocat vos coordonn\u00e9es les plus r\u00e9centes (adresse municipale, adresse \u00e9lectronique et num\u00e9ro de t\u00e9l\u00e9phone).<\/li>\n<li>Soyez toujours bien pr\u00e9par\u00e9 pour vos rencontres avec votre avocat. Apportez tous les renseignements et documents en votre possession qui sont pertinents \u00e0 votre cause, notamment les dates et les heures d\u2019audience, les ordonnances de la cour et les informations qui vous ont \u00e9t\u00e9 donn\u00e9es par le procureur ou la partie adverse.<\/li>\n<li>Votre avocat agit dans votre meilleur int\u00e9r\u00eat et il vous donnera les meilleurs conseils possible. Si vous d\u00e9cidez de ne pas suivre ses conseils, vous devez donner \u00e0 votre avocat des instructions raisonnables. Si votre avocat est d\u2019avis que vos instructions ne sont pas raisonnables, il peut refuser de vous repr\u00e9senter.<\/li>\n<li>Ne signez pas de documents et ne prenez pas d\u2019arrangements avant de consulter votre avocat.<\/li>\n<li>Ne communiquez pas avec l\u2019avocat de la partie adverse.<\/li>\n<li>Si vous ne pouvez pas vous rendre \u00e0 un rendez-vous avec votre avocat, t\u00e9l\u00e9phonez \u00e0 l\u2019assistant juridique \u00e0 l\u2019avance et prenez un nouveau rendez-vous.<\/li>\n<li>Vous devez vous pr\u00e9senter en cour lorsque votre avocat vous le recommande.<\/li>\n<li>Si vous ne vous pr\u00e9sentez pas en cour \u00e0 la date pr\u00e9vue ou si vous ne donnez pas d\u2019instructions raisonnables \u00e0 votre avocat, celui-ci pourrait ne pas \u00eatre en mesure de continuer \u00e0 vous repr\u00e9senter.<\/li>\n<li>Si vous avez des questions au sujet de votre cause, communiquez avec votre avocat et prenez rendez-vous.<\/li>\n<\/ul>\n<\/div><\/section>\n","protected":false},"excerpt":{"rendered":"","protected":false},"author":5,"featured_media":0,"parent":3181,"menu_order":5,"comment_status":"closed","ping_status":"open","template":"","meta":{"footnotes":""},"class_list":["post-3199","page","type-page","status-publish","hentry"],"aioseo_notices":[],"publishpress_future_action":{"enabled":false,"date":"2026-04-28 17:36:40","action":"change-status","newStatus":"draft","terms":[],"taxonomy":"translation_priority","extraData":[]},"publishpress_future_workflow_manual_trigger":{"enabledWorkflows":[]},"_links":{"self":[{"href":"https:\/\/www.nslegalaid.ca\/fr\/wp-json\/wp\/v2\/pages\/3199","targetHints":{"allow":["GET"]}}],"collection":[{"href":"https:\/\/www.nslegalaid.ca\/fr\/wp-json\/wp\/v2\/pages"}],"about":[{"href":"https:\/\/www.nslegalaid.ca\/fr\/wp-json\/wp\/v2\/types\/page"}],"author":[{"embeddable":true,"href":"https:\/\/www.nslegalaid.ca\/fr\/wp-json\/wp\/v2\/users\/5"}],"replies":[{"embeddable":true,"href":"https:\/\/www.nslegalaid.ca\/fr\/wp-json\/wp\/v2\/comments?post=3199"}],"version-history":[{"count":6,"href":"https:\/\/www.nslegalaid.ca\/fr\/wp-json\/wp\/v2\/pages\/3199\/revisions"}],"predecessor-version":[{"id":4651,"href":"https:\/\/www.nslegalaid.ca\/fr\/wp-json\/wp\/v2\/pages\/3199\/revisions\/4651"}],"up":[{"embeddable":true,"href":"https:\/\/www.nslegalaid.ca\/fr\/wp-json\/wp\/v2\/pages\/3181"}],"wp:attachment":[{"href":"https:\/\/www.nslegalaid.ca\/fr\/wp-json\/wp\/v2\/media?parent=3199"}],"curies":[{"name":"wp","href":"https:\/\/api.w.org\/{rel}","templated":true}]}}