{"id":3191,"date":"2017-02-22T14:24:42","date_gmt":"2017-02-22T18:24:42","guid":{"rendered":"https:\/\/www.nslegalaid.ca\/ce-que-nous-faisons\/obtenir-de-laide-juridique-2\/"},"modified":"2018-04-20T09:09:39","modified_gmt":"2018-04-20T12:09:39","slug":"obtenir-de-laide-juridique-2","status":"publish","type":"page","link":"https:\/\/www.nslegalaid.ca\/fr\/ce-que-nous-faisons\/obtenir-de-laide-juridique-2\/","title":{"rendered":"Obtenir de l\u2019aide juridique"},"content":{"rendered":"\n<style type=\"text\/css\" data-created_by=\"avia_inline_auto\" id=\"style-css-av-av_section-f8ea1f0e1da5dcb8951f1c6ec087e4b1\">\n.avia-section.av-av_section-f8ea1f0e1da5dcb8951f1c6ec087e4b1{\nbackground-repeat:no-repeat;\nbackground-image:url(https:\/\/www.nslegalaid.ca\/wp-content\/uploads\/2015\/05\/banner-darren-legal-aid-lawyer.jpg);\nbackground-position:50% 50%;\nbackground-attachment:scroll;\n}\n<\/style>\n<div id='av_section_1'  class='avia-section av-av_section-f8ea1f0e1da5dcb8951f1c6ec087e4b1 main_color avia-section-small avia-no-border-styling  avia-builder-el-0  el_before_av_heading  avia-builder-el-first  avia-bg-style-scroll av-minimum-height av-minimum-height-custom av-height-custom  container_wrap sidebar_right'  data-section-bg-repeat='no-repeat' data-av_minimum_height_px='380'><div class='container av-section-cont-open' style='height:380px'><main  role=\"main\" itemprop=\"mainContentOfPage\"  class='template-page content  av-content-small alpha units'><div class='post-entry post-entry-type-page post-entry-3191'><div class='entry-content-wrapper clearfix'><\/div><\/div><\/main><!-- close content main element --><\/div><\/div><div id='after_section_1'  class='main_color av_default_container_wrap container_wrap sidebar_right'  ><div class='container av-section-cont-open' ><div class='template-page content  av-content-small alpha units'><div class='post-entry post-entry-type-page post-entry-3191'><div class='entry-content-wrapper clearfix'>\n\n<style type=\"text\/css\" data-created_by=\"avia_inline_auto\" id=\"style-css-av-av_heading-4bef9f63eeadd99965da6ca8718df0dd\">\n#top .av-special-heading.av-av_heading-4bef9f63eeadd99965da6ca8718df0dd{\npadding-bottom:0;\ncolor:#840c20;\n}\nbody .av-special-heading.av-av_heading-4bef9f63eeadd99965da6ca8718df0dd .av-special-heading-tag .heading-char{\nfont-size:25px;\n}\n.av-special-heading.av-av_heading-4bef9f63eeadd99965da6ca8718df0dd .special-heading-inner-border{\nborder-color:#840c20;\n}\n.av-special-heading.av-av_heading-4bef9f63eeadd99965da6ca8718df0dd .av-subheading{\nfont-size:15px;\n}\n<\/style>\n<div  class='av-special-heading av-av_heading-4bef9f63eeadd99965da6ca8718df0dd av-special-heading-h1 custom-color-heading blockquote modern-quote  avia-builder-el-1  el_after_av_section  el_before_av_textblock  avia-builder-el-first '><h1 class='av-special-heading-tag '  itemprop=\"headline\"  >Obtenir de l\u2019aide juridique<\/h1><div class=\"special-heading-border\"><div class=\"special-heading-inner-border\"><\/div><\/div><\/div>\n\n<style type=\"text\/css\" data-created_by=\"avia_inline_auto\" id=\"style-css-av-av_textblock-04a24c66ecc2413daace6e63a4ac91fd\">\n#top .av_textblock_section.av-av_textblock-04a24c66ecc2413daace6e63a4ac91fd .avia_textblock{\nfont-size:18px;\n}\n<\/style>\n<section  class='av_textblock_section av-av_textblock-04a24c66ecc2413daace6e63a4ac91fd '   itemscope=\"itemscope\" itemtype=\"https:\/\/schema.org\/CreativeWork\" ><div class='avia_textblock'  itemprop=\"text\" ><p>Si vous voulez pr\u00e9senter une demande d\u2019aide juridique et que vous avez besoin de plus d\u2019informations, s\u00e9lectionnez le sujet \u00e0 partir du menu affich\u00e9 sur le c\u00f4t\u00e9 droit de la page. Si vous ne pouvez pas trouver les informations d\u00e9sir\u00e9es, consultez la page <a href=\"https:\/\/www.nslegalaid.ca\/fr\/foire-aux-questions\/\"><u>Foire aux questions<\/u><\/a> ou utilisez la barre de recherche au haut de la page.<\/p>\n<\/div><\/section>\n<section  class='av_textblock_section av-av_textblock-0366cc7376be6c9e82a3e9cc8987b64f '   itemscope=\"itemscope\" itemtype=\"https:\/\/schema.org\/CreativeWork\" ><div class='avia_textblock'  itemprop=\"text\" ><p>L\u2019Aide juridique de la Nouvelle-\u00c9cosse vient en aide \u00e0 tous les N\u00e9o-\u00c9cossais qui ont besoin d\u2019aide pour des questions juridiques. Bien que nous accordions la priorit\u00e9 aux personnes qui sont dans une situation financi\u00e8re difficile, nous offrons beaucoup d\u2019autres services juridiques notamment\u00a0:<\/p>\n<ul>\n<li>des informations,<\/li>\n<li>des conseils juridiques,<\/li>\n<li>la repr\u00e9sentation juridique par un avocat.<\/li>\n<\/ul>\n<p>L\u2019Aide juridique a des <u>bureaux<\/u> dans toutes les r\u00e9gions de la province. Tous nos bureaux offrent des informations, des conseils, et la repr\u00e9sentation aux demandeurs admissibles.\u00a0<u>Communiquez avec nous<\/u> pour prendre rendez-vous.<\/p>\n<p>Nous offrons aussi des cliniques communautaires sans rendez-vous pour aider les gens \u00e0 comprendre le processus judiciaire et les aider \u00e0 obtenir de l\u2019aide juridique. Consultez ci-apr\u00e8s la liste des lieux et des programmes offerts.<\/p>\n<\/div><\/section>\n","protected":false},"excerpt":{"rendered":"","protected":false},"author":5,"featured_media":0,"parent":3181,"menu_order":2,"comment_status":"open","ping_status":"open","template":"","meta":{"footnotes":""},"class_list":["post-3191","page","type-page","status-publish","hentry"],"aioseo_notices":[],"publishpress_future_action":{"enabled":false,"date":"2026-05-20 15:52:25","action":"change-status","newStatus":"draft","terms":[],"taxonomy":"translation_priority","extraData":[]},"publishpress_future_workflow_manual_trigger":{"enabledWorkflows":[]},"_links":{"self":[{"href":"https:\/\/www.nslegalaid.ca\/fr\/wp-json\/wp\/v2\/pages\/3191","targetHints":{"allow":["GET"]}}],"collection":[{"href":"https:\/\/www.nslegalaid.ca\/fr\/wp-json\/wp\/v2\/pages"}],"about":[{"href":"https:\/\/www.nslegalaid.ca\/fr\/wp-json\/wp\/v2\/types\/page"}],"author":[{"embeddable":true,"href":"https:\/\/www.nslegalaid.ca\/fr\/wp-json\/wp\/v2\/users\/5"}],"replies":[{"embeddable":true,"href":"https:\/\/www.nslegalaid.ca\/fr\/wp-json\/wp\/v2\/comments?post=3191"}],"version-history":[{"count":10,"href":"https:\/\/www.nslegalaid.ca\/fr\/wp-json\/wp\/v2\/pages\/3191\/revisions"}],"predecessor-version":[{"id":8193,"href":"https:\/\/www.nslegalaid.ca\/fr\/wp-json\/wp\/v2\/pages\/3191\/revisions\/8193"}],"up":[{"embeddable":true,"href":"https:\/\/www.nslegalaid.ca\/fr\/wp-json\/wp\/v2\/pages\/3181"}],"wp:attachment":[{"href":"https:\/\/www.nslegalaid.ca\/fr\/wp-json\/wp\/v2\/media?parent=3191"}],"curies":[{"name":"wp","href":"https:\/\/api.w.org\/{rel}","templated":true}]}}