{"id":3181,"date":"2017-02-22T14:12:57","date_gmt":"2017-02-22T18:12:57","guid":{"rendered":"https:\/\/www.nslegalaid.ca\/ce-que-nous-faisons\/"},"modified":"2018-04-20T08:58:21","modified_gmt":"2018-04-20T11:58:21","slug":"ce-que-nous-faisons","status":"publish","type":"page","link":"https:\/\/www.nslegalaid.ca\/fr\/ce-que-nous-faisons\/","title":{"rendered":"Ce que nous faisons"},"content":{"rendered":"\n<style type=\"text\/css\" data-created_by=\"avia_inline_auto\" id=\"style-css-av-av_section-f8ea1f0e1da5dcb8951f1c6ec087e4b1\">\n.avia-section.av-av_section-f8ea1f0e1da5dcb8951f1c6ec087e4b1{\nbackground-repeat:no-repeat;\nbackground-image:url(https:\/\/www.nslegalaid.ca\/wp-content\/uploads\/2015\/05\/banner-darren-legal-aid-lawyer.jpg);\nbackground-position:50% 50%;\nbackground-attachment:scroll;\n}\n<\/style>\n<div id='av_section_1'  class='avia-section av-av_section-f8ea1f0e1da5dcb8951f1c6ec087e4b1 main_color avia-section-small avia-no-border-styling  avia-builder-el-0  el_before_av_heading  avia-builder-el-first  avia-bg-style-scroll av-minimum-height av-minimum-height-custom av-height-custom  container_wrap sidebar_right'  data-section-bg-repeat='no-repeat' data-av_minimum_height_px='380'><div class='container av-section-cont-open' style='height:380px'><main  role=\"main\" itemprop=\"mainContentOfPage\"  class='template-page content  av-content-small alpha units'><div class='post-entry post-entry-type-page post-entry-3181'><div class='entry-content-wrapper clearfix'><\/div><\/div><\/main><!-- close content main element --><\/div><\/div><div id='after_section_1'  class='main_color av_default_container_wrap container_wrap sidebar_right'  ><div class='container av-section-cont-open' ><div class='template-page content  av-content-small alpha units'><div class='post-entry post-entry-type-page post-entry-3181'><div class='entry-content-wrapper clearfix'>\n\n<style type=\"text\/css\" data-created_by=\"avia_inline_auto\" id=\"style-css-av-av_heading-75a0fc2627260c52ada72fb7a8c06856\">\n#top .av-special-heading.av-av_heading-75a0fc2627260c52ada72fb7a8c06856{\npadding-bottom:0;\ncolor:#840c20;\n}\nbody .av-special-heading.av-av_heading-75a0fc2627260c52ada72fb7a8c06856 .av-special-heading-tag .heading-char{\nfont-size:25px;\n}\n.av-special-heading.av-av_heading-75a0fc2627260c52ada72fb7a8c06856 .special-heading-inner-border{\nborder-color:#840c20;\n}\n.av-special-heading.av-av_heading-75a0fc2627260c52ada72fb7a8c06856 .av-subheading{\nfont-size:15px;\n}\n<\/style>\n<div  class='av-special-heading av-av_heading-75a0fc2627260c52ada72fb7a8c06856 av-special-heading-h1 custom-color-heading blockquote modern-quote  avia-builder-el-1  el_after_av_section  el_before_av_textblock  avia-builder-el-first '><h1 class='av-special-heading-tag '  itemprop=\"headline\"  >Obtenir de l\u2019aide juridique et des services en Nouvelle-\u00c9cosse<\/h1><div class=\"special-heading-border\"><div class=\"special-heading-inner-border\"><\/div><\/div><\/div>\n\n<style type=\"text\/css\" data-created_by=\"avia_inline_auto\" id=\"style-css-av-av_textblock-f98bc22fafaab7502d65c11d0b745e68\">\n#top .av_textblock_section.av-av_textblock-f98bc22fafaab7502d65c11d0b745e68 .avia_textblock{\nfont-size:21px;\n}\n<\/style>\n<section  class='av_textblock_section av-av_textblock-f98bc22fafaab7502d65c11d0b745e68 '   itemscope=\"itemscope\" itemtype=\"https:\/\/schema.org\/CreativeWork\" ><div class='avia_textblock'  itemprop=\"text\" ><p>L\u2019Aide juridique de la Nouvelle-\u00c9cosse offre gratuitement de nombreux services juridiques aux adultes et aux jeunes qui font face \u00e0 divers probl\u00e8mes de nature juridique. Nous pourrions \u00eatre en mesure de vous aider pour des probl\u00e8mes relevant de la justice p\u00e9nale ou familiale et dans de nombreux aspects de justice sociale et civile comme pour des probl\u00e8mes avec le R\u00e9gime de pensions du Canada, D\u2019assurance-Emploi ou D\u2019aide au Revenu. Bien que l\u2019offre de certains de nos services soit fond\u00e9e sur la situation financi\u00e8re du demandeur, il y a des services qui sont accessibles \u00e0 tous les N\u00e9o-\u00c9cossais.<\/p>\n<\/div><\/section>\n\n<style type=\"text\/css\" data-created_by=\"avia_inline_auto\" id=\"style-css-av-av_hr-ee2847e2e025ce3d30801259a03f9fd4\">\n#top .hr.hr-invisible.av-av_hr-ee2847e2e025ce3d30801259a03f9fd4{\nheight:10px;\n}\n<\/style>\n<div  class='hr av-av_hr-ee2847e2e025ce3d30801259a03f9fd4 hr-invisible  avia-builder-el-3  el_after_av_textblock  el_before_av_textblock '><span class='hr-inner '><span class=\"hr-inner-style\"><\/span><\/span><\/div>\n<section  class='av_textblock_section av-av_textblock-0366cc7376be6c9e82a3e9cc8987b64f '   itemscope=\"itemscope\" itemtype=\"https:\/\/schema.org\/CreativeWork\" ><div class='avia_textblock'  itemprop=\"text\" ><h3>Informations juridiques<\/h3>\n<ul>\n<li>Publications contenant des informations juridiques que vous pouvez consultez sur notre site Web.<\/li>\n<li>Liens \u00e0 d\u2019autres sites Web qui contiennent des informations juridiques dont vous pourriez avoir besoin.<\/li>\n<\/ul>\n<h3>Conseils juridiques offerts \u00e0 tous les N\u00e9o-\u00c9cossais (aucune exigence li\u00e9e \u00e0 la situation financi\u00e8re)<\/h3>\n<ul>\n<li>Conseils juridiques offerts par un avocat de service sur place, \u00e0 la cour, si vous avez \u00e9t\u00e9 accus\u00e9 ou si vous \u00eates d\u00e9tenu.<\/li>\n<li>Conseils au t\u00e9l\u00e9phone si vous avez \u00e9t\u00e9 arr\u00eat\u00e9 et que vous \u00eates en garde \u00e0 vue.<\/li>\n<li>Conseils juridiques sommaires aux tribunaux de la famille, dans les collectivit\u00e9s ou dans chacun de nos points de service.<\/li>\n<\/ul>\n<h3>Repr\u00e9sentation juridique par un avocat<\/h3>\n<ul>\n<li>Repr\u00e9sentation juridique totale par un avocat pour les personnes qui r\u00e9pondent aux crit\u00e8res portant sur la situation financi\u00e8re, le domaine du droit et le bien-fond\u00e9 de la cause.<\/li>\n<\/ul>\n<p>Pour en savoir plus, consultez les pages indiqu\u00e9es dans le menu affich\u00e9 sur le c\u00f4t\u00e9 droit de la page. Vous pouvez aussi faire une <a href=\"https:\/\/www.nslegalaid.ca\/fr\/presenter-une-demande-daide-juridique\/\">demande en ligne<\/a> \u00e0 partir du site Web ou \u00e0 l\u2019un de nos <a href=\"https:\/\/www.nslegalaid.ca\/fr\/bureaux-de-laide-juridique\/\">points de service<\/a> dans la province.<\/p>\n<\/div><\/section>\n","protected":false},"excerpt":{"rendered":"","protected":false},"author":5,"featured_media":0,"parent":0,"menu_order":0,"comment_status":"open","ping_status":"open","template":"","meta":{"footnotes":""},"class_list":["post-3181","page","type-page","status-publish","hentry"],"aioseo_notices":[],"publishpress_future_action":{"enabled":false,"date":"2026-04-29 09:55:01","action":"change-status","newStatus":"draft","terms":[],"taxonomy":"translation_priority","extraData":[]},"publishpress_future_workflow_manual_trigger":{"enabledWorkflows":[]},"_links":{"self":[{"href":"https:\/\/www.nslegalaid.ca\/fr\/wp-json\/wp\/v2\/pages\/3181","targetHints":{"allow":["GET"]}}],"collection":[{"href":"https:\/\/www.nslegalaid.ca\/fr\/wp-json\/wp\/v2\/pages"}],"about":[{"href":"https:\/\/www.nslegalaid.ca\/fr\/wp-json\/wp\/v2\/types\/page"}],"author":[{"embeddable":true,"href":"https:\/\/www.nslegalaid.ca\/fr\/wp-json\/wp\/v2\/users\/5"}],"replies":[{"embeddable":true,"href":"https:\/\/www.nslegalaid.ca\/fr\/wp-json\/wp\/v2\/comments?post=3181"}],"version-history":[{"count":10,"href":"https:\/\/www.nslegalaid.ca\/fr\/wp-json\/wp\/v2\/pages\/3181\/revisions"}],"predecessor-version":[{"id":8192,"href":"https:\/\/www.nslegalaid.ca\/fr\/wp-json\/wp\/v2\/pages\/3181\/revisions\/8192"}],"wp:attachment":[{"href":"https:\/\/www.nslegalaid.ca\/fr\/wp-json\/wp\/v2\/media?parent=3181"}],"curies":[{"name":"wp","href":"https:\/\/api.w.org\/{rel}","templated":true}]}}