{"id":3084,"date":"2017-02-21T15:30:04","date_gmt":"2017-02-21T19:30:04","guid":{"rendered":"https:\/\/www.nslegalaid.ca\/communiquez-avec-nous\/"},"modified":"2022-11-29T14:09:43","modified_gmt":"2022-11-29T18:09:43","slug":"communiquez-avec-nous","status":"publish","type":"page","link":"https:\/\/www.nslegalaid.ca\/fr\/communiquez-avec-nous\/","title":{"rendered":"Communiquez avec nous"},"content":{"rendered":"\n<style type=\"text\/css\" data-created_by=\"avia_inline_auto\" id=\"style-css-av-av_section-ac05ae0e2645d55c12a9dd734c1b2067\">\n.avia-section.av-av_section-ac05ae0e2645d55c12a9dd734c1b2067{\nbackground-repeat:no-repeat;\nbackground-image:url(https:\/\/www.nslegalaid.ca\/wp-content\/uploads\/2014\/08\/banner-contact6.jpg);\nbackground-position:50% 50%;\nbackground-attachment:scroll;\n}\n<\/style>\n<div id='av_section_1'  class='avia-section av-av_section-ac05ae0e2645d55c12a9dd734c1b2067 main_color avia-section-small avia-no-border-styling  avia-builder-el-0  el_before_av_heading  avia-builder-el-first  avia-bg-style-scroll av-minimum-height av-minimum-height-custom av-height-custom  container_wrap sidebar_right'  data-section-bg-repeat='no-repeat' data-av_minimum_height_px='380'><div class='container av-section-cont-open' style='height:380px'><main  role=\"main\" itemprop=\"mainContentOfPage\"  class='template-page content  av-content-small alpha units'><div class='post-entry post-entry-type-page post-entry-3084'><div class='entry-content-wrapper clearfix'><\/div><\/div><\/main><!-- close content main element --><\/div><\/div><div id='after_section_1'  class='main_color av_default_container_wrap container_wrap sidebar_right'  ><div class='container av-section-cont-open' ><div class='template-page content  av-content-small alpha units'><div class='post-entry post-entry-type-page post-entry-3084'><div class='entry-content-wrapper clearfix'>\n\n<style type=\"text\/css\" data-created_by=\"avia_inline_auto\" id=\"style-css-av-av_heading-baf56c4a34801bec50efb346dd5b8fcd\">\n#top .av-special-heading.av-av_heading-baf56c4a34801bec50efb346dd5b8fcd{\npadding-bottom:0;\ncolor:#840c20;\n}\nbody .av-special-heading.av-av_heading-baf56c4a34801bec50efb346dd5b8fcd .av-special-heading-tag .heading-char{\nfont-size:25px;\n}\n.av-special-heading.av-av_heading-baf56c4a34801bec50efb346dd5b8fcd .special-heading-inner-border{\nborder-color:#840c20;\n}\n.av-special-heading.av-av_heading-baf56c4a34801bec50efb346dd5b8fcd .av-subheading{\nfont-size:15px;\n}\n<\/style>\n<div  class='av-special-heading av-av_heading-baf56c4a34801bec50efb346dd5b8fcd av-special-heading-h1 custom-color-heading blockquote modern-quote  avia-builder-el-1  el_after_av_section  el_before_av_textblock  avia-builder-el-first '><h1 class='av-special-heading-tag '  itemprop=\"headline\"  >Communiquez avec nous<\/h1><div class=\"special-heading-border\"><div class=\"special-heading-inner-border\"><\/div><\/div><\/div>\n<section  class='av_textblock_section av-av_textblock-0366cc7376be6c9e82a3e9cc8987b64f '   itemscope=\"itemscope\" itemtype=\"https:\/\/schema.org\/CreativeWork\" ><div class='avia_textblock'  itemprop=\"text\" ><p><strong>Aide juridique<\/strong><\/p>\n<p>L&rsquo;Aide juridique de la Nouvelle-\u00c9cosse n&rsquo;est pas en mesure de fournir des conseils juridiques par courriel. Si vous avez besoin d&rsquo;aide juridique, cliquez sur l&rsquo;un des liens suivants pour pr\u00e9senter votre demande\u00a0: en ligne, par t\u00e9l\u00e9phone ou en personne au bureau d&rsquo;aide juridique de votre r\u00e9gion.<\/p>\n<p><strong>Renseignements g\u00e9n\u00e9raux<\/strong><\/p>\n<p>Pour pr\u00e9senter une demande d&rsquo;aide juridique, cliquez sur l&rsquo;un des liens ci-dessus. Si vous souhaitez communiquer avec nous sans pr\u00e9senter une demande d&rsquo;aide juridique, envoyez-nous un message \u00e0 l&rsquo;aide du formulaire au bas de la page.<\/p>\n<p><strong>\u00a0<\/strong><\/p>\n<p><strong>Divulgation d&rsquo;actes fautifs <\/strong><\/p>\n<p>La loi sur la divulgation d&rsquo;actes fautifs dans l&rsquo;int\u00e9r\u00eat du public (<em>Public Interest Disclosure of Wrongdoing Act<\/em>) est entr\u00e9e en vigueur le 20\u00a0d\u00e9cembre 2011. Cette loi et les r\u00e8glements connexes donnent aux employ\u00e9s du gouvernement (y compris au personnel de l&rsquo;Aide juridique) et \u00e0 la population une avenue pour signaler des all\u00e9gations d&rsquo;actes fautifs. Par actes fautifs, on entend, entre autres, l&rsquo;usage abusif ou les cas graves de mauvaise gestion de fonds publics. Pour plus de renseignements sur ce qui constitue un acte fautif, consultez le https:\/\/ombudsman.novascotia.ca\/fr\/legislation\/public-interest-disclosure-of-wrongdoing-act-and-regulations?q=legislation\/public-interest-disclosure-of-wrongdoing-act-and-regulations<\/p>\n<p>Le Bureau de l&rsquo;ombudsman a mis en place une unit\u00e9 responsable de la divulgation d&rsquo;actes fautifs et une ligne d&rsquo;information afin de permettre aux gens d&rsquo;obtenir de fa\u00e7on confidentielle de l&rsquo;information sur la divulgation d&rsquo;actes fautifs. Si vous croyez avoir \u00e9t\u00e9 victime d&rsquo;un acte fautif \u00e0 l&rsquo;Aide juridique de la Nouvelle-\u00c9cosse, communiquez avec le Bureau de l&rsquo;ombudsman. De plus, la loi prot\u00e8ge de repr\u00e9sailles la personne qui d\u00e9nonce un acte fautif.<\/p>\n<p><strong>\u00a0<\/strong><\/p>\n<p><strong>Formulaire de demande de renseignements g\u00e9n\u00e9raux<\/strong><\/p>\n<\/div><\/section>\n","protected":false},"excerpt":{"rendered":"","protected":false},"author":5,"featured_media":0,"parent":0,"menu_order":0,"comment_status":"closed","ping_status":"closed","template":"","meta":{"footnotes":""},"class_list":["post-3084","page","type-page","status-publish","hentry"],"aioseo_notices":[],"publishpress_future_action":{"enabled":false,"date":"2026-04-25 14:19:16","action":"change-status","newStatus":"draft","terms":[],"taxonomy":"translation_priority","extraData":[]},"publishpress_future_workflow_manual_trigger":{"enabledWorkflows":[]},"_links":{"self":[{"href":"https:\/\/www.nslegalaid.ca\/fr\/wp-json\/wp\/v2\/pages\/3084","targetHints":{"allow":["GET"]}}],"collection":[{"href":"https:\/\/www.nslegalaid.ca\/fr\/wp-json\/wp\/v2\/pages"}],"about":[{"href":"https:\/\/www.nslegalaid.ca\/fr\/wp-json\/wp\/v2\/types\/page"}],"author":[{"embeddable":true,"href":"https:\/\/www.nslegalaid.ca\/fr\/wp-json\/wp\/v2\/users\/5"}],"replies":[{"embeddable":true,"href":"https:\/\/www.nslegalaid.ca\/fr\/wp-json\/wp\/v2\/comments?post=3084"}],"version-history":[{"count":10,"href":"https:\/\/www.nslegalaid.ca\/fr\/wp-json\/wp\/v2\/pages\/3084\/revisions"}],"predecessor-version":[{"id":75772,"href":"https:\/\/www.nslegalaid.ca\/fr\/wp-json\/wp\/v2\/pages\/3084\/revisions\/75772"}],"wp:attachment":[{"href":"https:\/\/www.nslegalaid.ca\/fr\/wp-json\/wp\/v2\/media?parent=3084"}],"curies":[{"name":"wp","href":"https:\/\/api.w.org\/{rel}","templated":true}]}}