{"id":3038,"date":"2017-02-17T10:55:40","date_gmt":"2017-02-17T14:55:40","guid":{"rendered":"https:\/\/www.nslegalaid.ca\/__trashed\/publications-de-laide-juridique\/"},"modified":"2025-10-22T09:10:13","modified_gmt":"2025-10-22T12:10:13","slug":"publications-de-laide-juridique","status":"publish","type":"page","link":"https:\/\/www.nslegalaid.ca\/fr\/a-propos-de-nous\/publications-de-laide-juridique\/","title":{"rendered":"Publications de l\u2019Aide juridique"},"content":{"rendered":"\n<style type=\"text\/css\" data-created_by=\"avia_inline_auto\" id=\"style-css-av-z4q0x-7762244d464220deed10e415b98fb852\">\n.avia-section.av-z4q0x-7762244d464220deed10e415b98fb852{\nbackground-repeat:no-repeat;\nbackground-image:url(https:\/\/www.nslegalaid.ca\/wp-content\/uploads\/2015\/11\/banner-about-us2.jpg);\nbackground-position:50% 50%;\nbackground-attachment:scroll;\n}\n.avia-section.av-z4q0x-7762244d464220deed10e415b98fb852 .av-section-color-overlay{\nopacity:0.2;\n}\n<\/style>\n<div id='av_section_1'  class='avia-section av-z4q0x-7762244d464220deed10e415b98fb852 main_color avia-section-small avia-no-border-styling  avia-builder-el-0  el_before_av_heading  avia-builder-el-first  avia-bg-style-scroll av-section-color-overlay-active av-minimum-height av-minimum-height-custom av-height-custom  container_wrap sidebar_right'  data-section-bg-repeat='no-repeat' data-av_minimum_height_px='380'><div class=\"av-section-color-overlay-wrap\"><div class=\"av-section-color-overlay\"><\/div><div class='container av-section-cont-open' style='height:380px'><main  role=\"main\" itemprop=\"mainContentOfPage\"  class='template-page content  av-content-small alpha units'><div class='post-entry post-entry-type-page post-entry-3038'><div class='entry-content-wrapper clearfix'><\/div><\/div><\/main><!-- close content main element --><\/div><\/div><\/div><div id='after_section_1'  class='main_color av_default_container_wrap container_wrap sidebar_right'  ><div class='container av-section-cont-open' ><div class='template-page content  av-content-small alpha units'><div class='post-entry post-entry-type-page post-entry-3038'><div class='entry-content-wrapper clearfix'>\n\n<style type=\"text\/css\" data-created_by=\"avia_inline_auto\" id=\"style-css-av-p71hd-02fa8cb8341a46a2005ba4cee0c77d83\">\n#top .av-special-heading.av-p71hd-02fa8cb8341a46a2005ba4cee0c77d83{\npadding-bottom:0;\ncolor:#840c20;\n}\nbody .av-special-heading.av-p71hd-02fa8cb8341a46a2005ba4cee0c77d83 .av-special-heading-tag .heading-char{\nfont-size:25px;\n}\n.av-special-heading.av-p71hd-02fa8cb8341a46a2005ba4cee0c77d83 .special-heading-inner-border{\nborder-color:#840c20;\n}\n.av-special-heading.av-p71hd-02fa8cb8341a46a2005ba4cee0c77d83 .av-subheading{\nfont-size:15px;\n}\n<\/style>\n<div  class='av-special-heading av-p71hd-02fa8cb8341a46a2005ba4cee0c77d83 av-special-heading-h1 custom-color-heading blockquote modern-quote  avia-builder-el-1  el_after_av_section  el_before_av_textblock  avia-builder-el-first '><h1 class='av-special-heading-tag '  itemprop=\"headline\"  >Publications de l\u2019Aide juridique <\/h1><div class=\"special-heading-border\"><div class=\"special-heading-inner-border\"><\/div><\/div><\/div>\n\n<style type=\"text\/css\" data-created_by=\"avia_inline_auto\" id=\"style-css-av-junk1-7166daa29887b017a14e46c634124a5b\">\n#top .av_textblock_section.av-junk1-7166daa29887b017a14e46c634124a5b .avia_textblock{\nfont-size:21px;\n}\n<\/style>\n<section  class='av_textblock_section av-junk1-7166daa29887b017a14e46c634124a5b '   itemscope=\"itemscope\" itemtype=\"https:\/\/schema.org\/CreativeWork\" ><div class='avia_textblock'  itemprop=\"text\" ><p>Publications de l\u2019Aide juridique<\/p>\n<p>Vous trouverez ci-apr\u00e8s une liste de publications de l\u2019Aide juridique et de publications portant sur l\u2019Aide juridique de la Nouvelle-\u00c9cosse. Il y a des rapports annuels, des \u00e9tats financiers, des \u00e9nonc\u00e9s de politique et d\u2019autres documents officiels. Ils peuvent \u00eatre consult\u00e9s en ligne ou t\u00e9l\u00e9charg\u00e9s.<\/p>\n<p>Les documents sont en anglais seulement<\/p>\n<\/div><\/section>\n\n<style type=\"text\/css\" data-created_by=\"avia_inline_auto\" id=\"style-css-av-gqxy9-1d6b6fa5c4a498ae6a986d63b0c9a4dd\">\n#top .hr.hr-invisible.av-gqxy9-1d6b6fa5c4a498ae6a986d63b0c9a4dd{\nheight:10px;\n}\n<\/style>\n<div  class='hr av-gqxy9-1d6b6fa5c4a498ae6a986d63b0c9a4dd hr-invisible  avia-builder-el-3  el_after_av_textblock  el_before_av_textblock '><span class='hr-inner '><span class=\"hr-inner-style\"><\/span><\/span><\/div>\n<section  class='av_textblock_section av-7apht-bd9e178a26e3ae341b83259442277090 '   itemscope=\"itemscope\" itemtype=\"https:\/\/schema.org\/CreativeWork\" ><div class='avia_textblock'  itemprop=\"text\" ><ul class=\"resource\">\n<li style=\"list-style-type: none;\"><\/li>\n<li>Annual Report 2023-24 <a href=\"https:\/\/www.nslegalaid.ca\/wp-content\/uploads\/2025\/02\/2023-24-Annual-Report-October-31-2024-Edited-Jan.-9-2025-story-Edited-Jan.-31-2025-URL.pdf\" target=\"_blank\" rel=\"noopener\">PDF<\/a>\n<ul>\n<li>Annual Report Summary 2023-24 <a href=\"https:\/\/www.nslegalaid.ca\/wp-content\/uploads\/2025\/02\/2023-24-Booklet-November-14-2024-Edited-January-9-2025-and-February-3-2025-1.pdf\" target=\"_blank\" rel=\"noopener\">PDF<\/a><\/li>\n<\/ul>\n<\/li>\n<li>Annual Report 2022-23 <a href=\"https:\/\/www.nslegalaid.ca\/wp-content\/uploads\/2023\/10\/2022-23-Annual-Report-October-30-2023-Final-reduced-size-1.pdf\" target=\"_blank\" rel=\"noopener\">PDF<\/a>\n<ul>\n<li>Annual Report Summary 2022-23 <a href=\"https:\/\/www.nslegalaid.ca\/wp-content\/uploads\/2024\/03\/2022-23-Booklet-Final-February-9-2024.pdf\" target=\"_blank\" rel=\"noopener\">PDF<\/a><\/li>\n<\/ul>\n<\/li>\n<li>Annual Report 2021-22 <a href=\"https:\/\/www.nslegalaid.ca\/wp-content\/uploads\/2022\/10\/2021-22-Annual-Report-October-31-2022-Optimized.pdf\" target=\"_blank\" rel=\"noopener\">PDF<\/a><\/li>\n<li>Annual Report 2020-21 <a href=\"https:\/\/www.nslegalaid.ca\/wp-content\/uploads\/2021\/12\/2020-21-Annual-Report-December-9-2021.pdf\" target=\"_blank\" rel=\"noopener\">PDF<\/a>\n<ul>\n<li>Annual Report Summary 2020-21 <a href=\"https:\/\/www.nslegalaid.ca\/wp-content\/uploads\/2022\/02\/2020-21-Annual-Report-Summary-Booklet-Janaury-12-2022.pdf\" target=\"_blank\" rel=\"noopener\">PDF<\/a><\/li>\n<\/ul>\n<\/li>\n<li>Annual Report 2019-2020 <a href=\"https:\/\/www.nslegalaid.ca\/wp-content\/uploads\/2021\/12\/2019-20-Annual-Report-Approved-September-18-2020-Updated-April-23-2021.pdf\" target=\"_blank\" rel=\"noopener\">PDF<\/a><\/li>\n<li style=\"list-style-type: none;\">\n<ul>\n<li>Annual Report Summary 2019-2020 <a href=\"https:\/\/www.nslegalaid.ca\/wp-content\/uploads\/2021\/04\/2019-20-Booklet-Dec.-7-2020-Updated-April-23-2021.pdf\" target=\"_blank\" rel=\"noopener\">PDF<\/a><\/li>\n<\/ul>\n<\/li>\n<li>Annual Report 2018-2019 <a href=\"https:\/\/www.nslegalaid.ca\/wp-content\/uploads\/2019\/10\/2018-19-Annual-Approved-October-17-2019-optimized.pdf\" target=\"_blank\" rel=\"noopener\">PDF<\/a>\n<ul>\n<li>Annual Report Summary 2018-2019 <a href=\"https:\/\/www.nslegalaid.ca\/wp-content\/uploads\/2019\/11\/2018-19-Booklet-November-6-2019.pdf\" target=\"_blank\" rel=\"noopener\">PDF<\/a><\/li>\n<\/ul>\n<\/li>\n<li>Annual Report 2017-2018 <a href=\"https:\/\/www.nslegalaid.ca\/wp-content\/uploads\/2018\/10\/Annual-Report-2017-2018-1.pdf\" target=\"_blank\" rel=\"noopener\">PDF<\/a>\n<ul>\n<li>Annual Report Summary 2017-2018 <a href=\"https:\/\/www.nslegalaid.ca\/wp-content\/uploads\/2018\/11\/Annual-Report-Summary-Booklet-2017-18.pdf\" target=\"_blank\" rel=\"noopener\">PDF<\/a><\/li>\n<\/ul>\n<\/li>\n<li>Annual Report 2016-2017 <a href=\"https:\/\/www.nslegalaid.ca\/wp-content\/uploads\/2015\/11\/Annual-Report-2016-2017.pdf\" target=\"_blank\" rel=\"noopener\">PDF<\/a>\n<ul>\n<li>Annual Report Summary 2016-2017 <a href=\"https:\/\/www.nslegalaid.ca\/wp-content\/uploads\/2017\/11\/AR-2016-17-Booklet-Report.pdf\">PDF<\/a><\/li>\n<\/ul>\n<\/li>\n<li class=\"resource\">Annual Report 2015-2016 <a href=\"https:\/\/www.nslegalaid.ca\/wp-content\/uploads\/2015\/11\/Annual-Report-2015-2016.pdf\">PDF<\/a><\/li>\n<li class=\"resource\">Annual Report 2014-2015 <a href=\"http:\/\/www.nslegalaid.ca\/wp-content\/uploads\/2015\/12\/Annual-Report-2014-2015.pdf\">PDF<\/a><\/li>\n<li class=\"resource\">Annual Report 2013-2014 <a href=\"http:\/\/www.nslegalaid.ca\/wp-content\/uploads\/2015\/12\/Report-Nova-Scotia-Legal-Aid-Commission-Annual-Report-2013-2014.pdf\">PDF<\/a><\/li>\n<li class=\"resource\">Annual Report 2012-2013 <a href=\"http:\/\/www.nslegalaid.ca\/wp-content\/uploads\/2015\/12\/Annual-Report-2012-2013.pdf\">PDF<\/a><\/li>\n<li class=\"resource\">Annual Report 2011-2012 <a href=\"http:\/\/www.nslegalaid.ca\/wp-content\/uploads\/2015\/12\/Annual-Report-2011-2012.pdf\">PDF<\/a><\/li>\n<li class=\"resource\">Annual Report 2010-2011 <a href=\"http:\/\/www.nslegalaid.ca\/wp-content\/uploads\/2015\/12\/Annual-Report-2010-2011.pdf\">PDF<\/a><\/li>\n<li class=\"resource\">Annual Report 2009-2010 <a href=\"http:\/\/www.nslegalaid.ca\/wp-content\/uploads\/2015\/12\/Annual-Report-2009-2010.doc\">PDF<\/a><\/li>\n<li class=\"resource\">Annual Report 2008-2009 <a href=\"http:\/\/www.nslegalaid.ca\/wp-content\/uploads\/2015\/12\/Microsoft-Word-Annual-Report-2008-2009.pdf\">PDF<\/a><\/li>\n<li class=\"resource\">Annual Report 2007-2008 <a href=\"http:\/\/www.nslegalaid.ca\/wp-content\/uploads\/2015\/12\/Annual-Report-2007-2008.pdf\">PDF<\/a><\/li>\n<li class=\"resource\">Annual Report 2006-2007 <a href=\"http:\/\/www.nslegalaid.ca\/wp-content\/uploads\/2015\/12\/Annual-Report-2006-2007.pdf\">PDF<\/a><\/li>\n<li class=\"resource\">Annual Report 2005-2006 <a href=\"http:\/\/www.nslegalaid.ca\/wp-content\/uploads\/2015\/12\/Annual-Report-2005-20061.pdf\">PDF<\/a><\/li>\n<li class=\"resource\">Article &#8211; Legal Aid Services to Expand (Chronicle Herald November 20, 2013) <a href=\"http:\/\/www.nslegalaid.ca\/wp-content\/uploads\/2015\/12\/Legal-Aid-Services-to-Expand-Chronicle-Herald-Article-November-20-2013.pdf\">PDF<\/a><\/li>\n<li class=\"resource\">Article &#8211; Navigating Pension Appeals (The Lawyers Weekly &#8211; December 6, 2013) <a href=\"http:\/\/www.nslegalaid.ca\/wp-content\/uploads\/2015\/12\/Navigating-Pension-Appeals-December-2013.pdf\">PDF<\/a><\/li>\n<li class=\"resource\">Article &#8211; NSLA: Why Should You Care? (NSBS Society Record Fall 2013) <a href=\"http:\/\/www.nslegalaid.ca\/wp-content\/uploads\/2015\/12\/NSLA-Why-You-Should-Care-NSBS-Society-Record-Fall-2013.pdf\">PDF<\/a><\/li>\n<li class=\"resource\">Article &#8211; NSLA: Valuing Diversity (CBA Nova Voce) <a href=\"http:\/\/www.nslegalaid.ca\/wp-content\/uploads\/2015\/12\/Valuing-Diversity-Article-CBA-Nova-Voce.pdf\">PDF<\/a><\/li>\n<li>Business Plan 2025-2026 <a href=\"https:\/\/www.nslegalaid.ca\/wp-content\/uploads\/2025\/09\/Nova-Scotia-Legal-Aid-Commission-Business-Plan-2025-2026-February-13-2025-Revised-February-20-2025-March-31-2025.pdf\" target=\"_blank\" rel=\"noopener\">PDF<\/a><\/li>\n<li>Business Plan 2024-2025 <a href=\"https:\/\/www.nslegalaid.ca\/wp-content\/uploads\/2024\/04\/NSLAC-Business-Plan-2024-2025-Approved-Jan.-10-2024-Update-Feb.-23-2024.pdf\" target=\"_blank\" rel=\"noopener\">PDF<\/a><\/li>\n<li>Business Plan 2023-2024 <a href=\"https:\/\/www.nslegalaid.ca\/wp-content\/uploads\/2023\/10\/NSLAC-Business-Plan-2023-2024-Approved-February-24-2023-Expenses-Updated.pdf\" target=\"_blank\" rel=\"noopener\">PDF<\/a><\/li>\n<li>Business Plan 2022-2023 <a href=\"https:\/\/www.nslegalaid.ca\/wp-content\/uploads\/2022\/03\/NSLAC-Business-Plan-2022-2023-Final-March-29-2022-1.pdf\" target=\"_blank\" rel=\"noopener\">PDF<\/a><\/li>\n<li>Business Plan 2021-2022 <a href=\"https:\/\/www.nslegalaid.ca\/wp-content\/uploads\/2021\/03\/NSLAC-Business-Plan-2021-22-March-15-2021.pdf\" target=\"_blank\" rel=\"noopener\">PDF<\/a><\/li>\n<li>Business Plan 2020-2021 <a href=\"https:\/\/www.nslegalaid.ca\/wp-content\/uploads\/2020\/02\/NSLAC-Business-Plan-2020-21-Approved-Feb.-7-2020.pdf\" target=\"_blank\" rel=\"noopener\">PDF<\/a><\/li>\n<li class=\"resource\">Business Plan 2019-2020 <a href=\"https:\/\/www.nslegalaid.ca\/wp-content\/uploads\/2019\/03\/NSLAC-Business-Plan-2019-20-Approved-Feb.-8-2019-Updated-March-27-2019.pdf\" target=\"_blank\" rel=\"noopener\">PDF<\/a><\/li>\n<li>Business Plan 2018-2019\u00a0<a href=\"https:\/\/www.nslegalaid.ca\/wp-content\/uploads\/2018\/05\/NSLA-Business-Plan-2018-19-May-29-2018.pdf\" target=\"_blank\" rel=\"noopener\">PDF<\/a><\/li>\n<li class=\"resource\">Business Plan 2017-2018\u00a0<a href=\"https:\/\/www.nslegalaid.ca\/wp-content\/uploads\/2018\/05\/NSLA-Business-Plan-2017-18-June-7-2017.pdf\" target=\"_blank\" rel=\"noopener\">PDF<\/a><\/li>\n<li class=\"resource\">Business Plan 2016-2017 <a href=\"http:\/\/www.nslegalaid.ca\/wp-content\/uploads\/2016\/04\/NSLA-Business-Plan-2016-17-April-19-2016.pdf\" target=\"_blank\" rel=\"noopener noreferrer\">PDF<\/a><\/li>\n<li>Commission Accountability Report 2024-2025 <a href=\"https:\/\/www.nslegalaid.ca\/wp-content\/uploads\/2025\/09\/Commission-Accountability-Report-2024-2025.pdf\" target=\"_blank\" rel=\"noopener\">PDF<\/a><\/li>\n<li>Commission Accountability Report 2023-2024 <a href=\"https:\/\/www.nslegalaid.ca\/wp-content\/uploads\/2024\/07\/NSLAC-Accountability-Report-2023-2024-Final-July-2024.pdf\" target=\"_blank\" rel=\"noopener\">PDF<\/a><\/li>\n<li>Commission Accountability Report 2022-2023 <a href=\"https:\/\/www.nslegalaid.ca\/wp-content\/uploads\/2024\/05\/Nova-Scotia-Legal-Aid-Commission-Accountability-Report-2022-2023-Approved-by-Chair-06-28-23-Updated-07-12-23-Final.pdf\" target=\"_blank\" rel=\"noopener\">PDF<\/a><\/li>\n<li>Commission Accountability Report 2019-2020 <a href=\"https:\/\/www.nslegalaid.ca\/wp-content\/uploads\/2020\/08\/Nova-Scotia-Legal-Aid-Commission-Accountability-Report-2019-2020-June-29-2020.pdf\" target=\"_blank\" rel=\"noopener\">PDF<\/a><\/li>\n<li>Commission Accountability Report 2018-2019 <a href=\"https:\/\/www.nslegalaid.ca\/wp-content\/uploads\/2019\/07\/Nova-Scotia-Legal-Aid-Commission-Accountability-Report-2018-2019-July-17-2019.pdf\" target=\"_blank\" rel=\"noopener\">PDF<\/a><\/li>\n<li>Commission Accountability Report 2017-2018\u00a0<a href=\"https:\/\/www.nslegalaid.ca\/wp-content\/uploads\/2018\/08\/Commission-Accountability-Report-2017-2018.pdf\" target=\"_blank\" rel=\"noopener\">PDF<\/a><\/li>\n<li>Commission Accountability Report 2016-2017 <a href=\"https:\/\/www.nslegalaid.ca\/wp-content\/uploads\/2015\/11\/NSLA-Commission-Accountability-Report-2016-2017.pdf\">PDF<\/a><\/li>\n<li>Diversity, Equity, and Inclusion (DEI) Strategic Plan 2021-2027 <a href=\"https:\/\/www.nslegalaid.ca\/wp-content\/uploads\/2024\/06\/DEI-Strategic-Plan-2021-2027-June-2024.pdf\" target=\"_blank\" rel=\"noopener\">PDF<\/a><\/li>\n<li class=\"resource\">Executive Directors Report 2014-2015 <a href=\"http:\/\/www.nslegalaid.ca\/wp-content\/uploads\/2015\/11\/Executive-Directors-Report-2014-2015.pdf\" target=\"_blank\" rel=\"noopener noreferrer\">PDF<\/a><\/li>\n<li>Financial Statements 2024-2025 <a href=\"https:\/\/www.nslegalaid.ca\/wp-content\/uploads\/2025\/10\/Financial-Statements-2024-2025.pdf\" target=\"_blank\" rel=\"noopener\">PDF<\/a><\/li>\n<li>Financial Statements 2023-2024 <a href=\"https:\/\/www.nslegalaid.ca\/wp-content\/uploads\/2024\/07\/SIGNED-NSLA-March-31-2024-Financial-Statements-Final.pdf\" target=\"_blank\" rel=\"noopener\">PDF<\/a><\/li>\n<li>Financial Statements 2022-2023 <a href=\"https:\/\/www.nslegalaid.ca\/wp-content\/uploads\/2023\/09\/Financial-Statements-2022-2023.pdf\" target=\"_blank\" rel=\"noopener\">PDF<\/a><\/li>\n<li>Financial Statements 2021-2022 <a href=\"https:\/\/www.nslegalaid.ca\/wp-content\/uploads\/2022\/09\/FINAL-NSLA-March-31-2022-Financial-Statements.pdf\" target=\"_blank\" rel=\"noopener\">PDF<\/a><\/li>\n<li>Financial Statements 2020-2021 <a href=\"https:\/\/www.nslegalaid.ca\/wp-content\/uploads\/2021\/09\/NSLA-March-31-2021-Financial-Statements-June-25-2021-Commission-Meeting-Signed-FINAL.pdf\" target=\"_blank\" rel=\"noopener\">PDF<\/a><\/li>\n<li>Financial Statements 2019-2020 <a href=\"https:\/\/www.nslegalaid.ca\/wp-content\/uploads\/2020\/08\/NS-Legal-Aid-Commission-Final-Audited-Financial-Statements-March-31-2020.pdf\" target=\"_blank\" rel=\"noopener\">PDF<\/a><\/li>\n<li>Financial Statements 2018-2019 <a href=\"https:\/\/www.nslegalaid.ca\/wp-content\/uploads\/2019\/07\/NSLA-March-31-2019-Financial-Statements-Final-All-Signatures-June-14-2019-1.pdf\" target=\"_blank\" rel=\"noopener\">PDF<\/a><\/li>\n<li>Financial Statements 2017-2018 <a href=\"https:\/\/www.nslegalaid.ca\/wp-content\/uploads\/2018\/07\/NSLA-Final-Signed-version-FS-March-31-2018.pdf\" target=\"_blank\" rel=\"noopener\">PDF<\/a><\/li>\n<li class=\"resource\">Financial Statements 2016-2017 <a href=\"https:\/\/www.nslegalaid.ca\/wp-content\/uploads\/2015\/11\/NSLA-Commission-Financial-Statements-March-31-2017.pdf\">PDF<\/a><\/li>\n<li>Financial Statements 2015-2016 <a href=\"https:\/\/www.nslegalaid.ca\/wp-content\/uploads\/2015\/11\/NSLA-Commission-Financial-Statements-March-31-2016.pdf\">PDF<\/a><\/li>\n<li class=\"resource\">Financial Statements 2014-2015 <a href=\"http:\/\/www.nslegalaid.ca\/wp-content\/uploads\/2015\/12\/Nova-Scotia-Legal-Aid-Commission-Final-Statements-2015.pdf\">PDF<\/a><\/li>\n<li class=\"resource\">Financial Statements 2013-2014 <a href=\"http:\/\/www.nslegalaid.ca\/wp-content\/uploads\/2015\/12\/Financial-Statements-NS-Legal-Aid-Commission-March-31-2014.pdf\">PDF<\/a><\/li>\n<li><em>Public Interest Disclosure of Wrongdoing Act<\/em> Annual Report 2022-2023 <a href=\"https:\/\/www.nslegalaid.ca\/wp-content\/uploads\/2023\/04\/Public-Interest-Disclosure-of-Wrongdoing-Act-Annual-Report-2022-2023.pdf\" target=\"_blank\" rel=\"noopener\">PDF<\/a><\/li>\n<li><em>Public Interest Disclosure of Wrongdoing Act<\/em> Annual Report 2021-2022 <a href=\"https:\/\/www.nslegalaid.ca\/wp-content\/uploads\/2023\/02\/Public-Interest-Disclosure-of-Wrongdoing-Act-Annual-Report-2021-2022.pdf\" target=\"_blank\" rel=\"noopener\">PDF<\/a><\/li>\n<li><em>Public Interest Disclosure of Wrongdoing Act<\/em> Annual Report 2020-2021 <a href=\"https:\/\/www.nslegalaid.ca\/wp-content\/uploads\/2023\/02\/Public-Interest-Disclosure-of-Wrongdoing-Act-Annual-Report-2020-2021.pdf\" target=\"_blank\" rel=\"noopener\">PDF<\/a><\/li>\n<li>Routine Access Policy <a href=\"https:\/\/www.nslegalaid.ca\/wp-content\/uploads\/2015\/11\/Routine-Access-Policy-NSLAC-October-2016.pdf\" target=\"_blank\" rel=\"noopener\">PDF\u00a0<\/a><\/li>\n<li>Strategic Plan 2023-2028 <a href=\"https:\/\/www.nslegalaid.ca\/wp-content\/uploads\/2023\/03\/Nova-Scotia-Legal-Aid-Commission-Strategic-Plan-Effective-April-1-2023-Approved-March-29-2023.pdf\" target=\"_blank\" rel=\"noopener\">PDF<\/a><\/li>\n<li>Strategic Plan 2017-2023 <a href=\"https:\/\/www.nslegalaid.ca\/wp-content\/uploads\/2020\/05\/NSLA-Strategic-Plan-2017-2023-2020-Update.pdf\" target=\"_blank\" rel=\"noopener\">PDF<\/a><\/li>\n<li>Strategic Plan 2017-2020\u00a0<a href=\"https:\/\/www.nslegalaid.ca\/wp-content\/uploads\/2015\/11\/NSLA-Strategic-Plan-2017-2020-Approved-November-14-2017.pdf\" target=\"_blank\" rel=\"noopener\">PDF<\/a><\/li>\n<li class=\"resource\">Strategic Plan Summary 2013-2016 <a href=\"http:\/\/www.nslegalaid.ca\/wp-content\/uploads\/2015\/12\/Strategic-Plan-Summary-April-2014.pdf\" target=\"_blank\" rel=\"noopener\">PDF<\/a><\/li>\n<li class=\"resource\">Strategic Plan &#8211; That was Then&#8230; This is Now\u00a0<a href=\"http:\/\/www.nslegalaid.ca\/wp-content\/uploads\/2015\/11\/NSLA-That-Was-Then-This-is-Now-May-5-2016.pdf\" target=\"_blank\" rel=\"noopener noreferrer\">PDF<\/a><\/li>\n<li>Supplementary Compensation Information 2024-2025 <a href=\"https:\/\/www.nslegalaid.ca\/wp-content\/uploads\/2025\/09\/Supplementary-Compensation-Information-2024-2025.pdf\" target=\"_blank\" rel=\"noopener\">PDF<\/a><\/li>\n<li>Supplementary Compensation Information 2023-2024 <a href=\"https:\/\/www.nslegalaid.ca\/wp-content\/uploads\/2024\/07\/NSLA-Supplementary-Compensation-Information-March-31-2024-Final.pdf\" target=\"_blank\" rel=\"noopener\">PDF<\/a><\/li>\n<li>Supplementary Compensation Information 2022-2023 <a href=\"https:\/\/www.nslegalaid.ca\/wp-content\/uploads\/2023\/09\/Supplementary-Compensation-Information-2022-2023.pdf\" target=\"_blank\" rel=\"noopener\">PDF<\/a><\/li>\n<li>Supplementary Compensation Information 2021-2022 <a href=\"https:\/\/www.nslegalaid.ca\/wp-content\/uploads\/2022\/09\/FINAL-NSLA-Supplementary-Compensation-Information.pdf\" target=\"_blank\" rel=\"noopener\">PDF<\/a><\/li>\n<li><\/li>\n<\/ul>\n<\/div><\/section>\n","protected":false},"excerpt":{"rendered":"","protected":false},"author":5,"featured_media":0,"parent":3022,"menu_order":2,"comment_status":"closed","ping_status":"closed","template":"","meta":{"footnotes":""},"class_list":["post-3038","page","type-page","status-publish","hentry"],"aioseo_notices":[],"publishpress_future_action":{"enabled":false,"date":"2026-05-06 11:55:45","action":"change-status","newStatus":"draft","terms":[],"taxonomy":"translation_priority","extraData":[]},"publishpress_future_workflow_manual_trigger":{"enabledWorkflows":[]},"_links":{"self":[{"href":"https:\/\/www.nslegalaid.ca\/fr\/wp-json\/wp\/v2\/pages\/3038","targetHints":{"allow":["GET"]}}],"collection":[{"href":"https:\/\/www.nslegalaid.ca\/fr\/wp-json\/wp\/v2\/pages"}],"about":[{"href":"https:\/\/www.nslegalaid.ca\/fr\/wp-json\/wp\/v2\/types\/page"}],"author":[{"embeddable":true,"href":"https:\/\/www.nslegalaid.ca\/fr\/wp-json\/wp\/v2\/users\/5"}],"replies":[{"embeddable":true,"href":"https:\/\/www.nslegalaid.ca\/fr\/wp-json\/wp\/v2\/comments?post=3038"}],"version-history":[{"count":12,"href":"https:\/\/www.nslegalaid.ca\/fr\/wp-json\/wp\/v2\/pages\/3038\/revisions"}],"predecessor-version":[{"id":75261,"href":"https:\/\/www.nslegalaid.ca\/fr\/wp-json\/wp\/v2\/pages\/3038\/revisions\/75261"}],"up":[{"embeddable":true,"href":"https:\/\/www.nslegalaid.ca\/fr\/wp-json\/wp\/v2\/pages\/3022"}],"wp:attachment":[{"href":"https:\/\/www.nslegalaid.ca\/fr\/wp-json\/wp\/v2\/media?parent=3038"}],"curies":[{"name":"wp","href":"https:\/\/api.w.org\/{rel}","templated":true}]}}