{"id":3013,"date":"2017-02-14T16:48:32","date_gmt":"2017-02-14T20:48:32","guid":{"rendered":"https:\/\/www.nslegalaid.ca\/mandat\/"},"modified":"2018-04-10T11:11:28","modified_gmt":"2018-04-10T14:11:28","slug":"mandat","status":"publish","type":"page","link":"https:\/\/www.nslegalaid.ca\/fr\/a-propos-de-nous\/mandat\/","title":{"rendered":"Mandat"},"content":{"rendered":"\n<style type=\"text\/css\" data-created_by=\"avia_inline_auto\" id=\"style-css-av-av_section-8d7803f431581697573581366544cf82\">\n.avia-section.av-av_section-8d7803f431581697573581366544cf82{\nbackground-repeat:no-repeat;\nbackground-image:url(https:\/\/www.nslegalaid.ca\/wp-content\/uploads\/2015\/11\/banner-about-us2.jpg);\nbackground-position:50% 50%;\nbackground-attachment:scroll;\n}\n.avia-section.av-av_section-8d7803f431581697573581366544cf82 .av-section-color-overlay{\nopacity:0.2;\n}\n<\/style>\n<div id='av_section_1'  class='avia-section av-av_section-8d7803f431581697573581366544cf82 main_color avia-section-small avia-no-border-styling  avia-builder-el-0  el_before_av_heading  avia-builder-el-first  avia-bg-style-scroll av-section-color-overlay-active av-minimum-height av-minimum-height-custom av-height-custom  container_wrap sidebar_right'  data-section-bg-repeat='no-repeat' data-av_minimum_height_px='380'><div class=\"av-section-color-overlay-wrap\"><div class=\"av-section-color-overlay\"><\/div><div class='container av-section-cont-open' style='height:380px'><main  role=\"main\" itemprop=\"mainContentOfPage\"  class='template-page content  av-content-small alpha units'><div class='post-entry post-entry-type-page post-entry-3013'><div class='entry-content-wrapper clearfix'><\/div><\/div><\/main><!-- close content main element --><\/div><\/div><\/div><div id='after_section_1'  class='main_color av_default_container_wrap container_wrap sidebar_right'  ><div class='container av-section-cont-open' ><div class='template-page content  av-content-small alpha units'><div class='post-entry post-entry-type-page post-entry-3013'><div class='entry-content-wrapper clearfix'>\n\n<style type=\"text\/css\" data-created_by=\"avia_inline_auto\" id=\"style-css-av-av_heading-43b70ac201b9f77a07513055f292b0f0\">\n#top .av-special-heading.av-av_heading-43b70ac201b9f77a07513055f292b0f0{\npadding-bottom:0;\ncolor:#840c20;\n}\nbody .av-special-heading.av-av_heading-43b70ac201b9f77a07513055f292b0f0 .av-special-heading-tag .heading-char{\nfont-size:25px;\n}\n.av-special-heading.av-av_heading-43b70ac201b9f77a07513055f292b0f0 .special-heading-inner-border{\nborder-color:#840c20;\n}\n.av-special-heading.av-av_heading-43b70ac201b9f77a07513055f292b0f0 .av-subheading{\nfont-size:15px;\n}\n<\/style>\n<div  class='av-special-heading av-av_heading-43b70ac201b9f77a07513055f292b0f0 av-special-heading-h1 custom-color-heading blockquote modern-quote  avia-builder-el-1  el_after_av_section  el_before_av_textblock  avia-builder-el-first '><h1 class='av-special-heading-tag '  itemprop=\"headline\"  >Notre mandat<\/h1><div class=\"special-heading-border\"><div class=\"special-heading-inner-border\"><\/div><\/div><\/div>\n\n<style type=\"text\/css\" data-created_by=\"avia_inline_auto\" id=\"style-css-av-av_textblock-f98bc22fafaab7502d65c11d0b745e68\">\n#top .av_textblock_section.av-av_textblock-f98bc22fafaab7502d65c11d0b745e68 .avia_textblock{\nfont-size:21px;\n}\n<\/style>\n<section  class='av_textblock_section av-av_textblock-f98bc22fafaab7502d65c11d0b745e68 '   itemscope=\"itemscope\" itemtype=\"https:\/\/schema.org\/CreativeWork\" ><div class='avia_textblock'  itemprop=\"text\" ><p>Le mandat de la Commission de l\u2019aide juridique de la Nouvelle-\u00c9cosse est de fournir une repr\u00e9sentation de qualit\u00e9 aux demandeurs admissibles dans des causes de libert\u00e9 individuelle et de droits civils des personnes et des causes li\u00e9es \u00e0 l\u2019int\u00e9grit\u00e9 et \u00e0 la protection des enfants et des familles.<\/p>\n<\/div><\/section>\n\n<style type=\"text\/css\" data-created_by=\"avia_inline_auto\" id=\"style-css-av-av_hr-ee2847e2e025ce3d30801259a03f9fd4\">\n#top .hr.hr-invisible.av-av_hr-ee2847e2e025ce3d30801259a03f9fd4{\nheight:10px;\n}\n<\/style>\n<div  class='hr av-av_hr-ee2847e2e025ce3d30801259a03f9fd4 hr-invisible  avia-builder-el-3  el_after_av_textblock  el_before_av_textblock '><span class='hr-inner '><span class=\"hr-inner-style\"><\/span><\/span><\/div>\n<section  class='av_textblock_section av-av_textblock-0366cc7376be6c9e82a3e9cc8987b64f '   itemscope=\"itemscope\" itemtype=\"https:\/\/schema.org\/CreativeWork\" ><div class='avia_textblock'  itemprop=\"text\" ><p>L\u2019acc\u00e8s \u00e0 l\u2019Aide juridique permet d\u2019assurer que l\u2019ensemble des droits et libert\u00e9s de tous les N\u00e9o-\u00c9cossais sont prot\u00e9g\u00e9s et qu\u2019ils ont droit \u00e0 une audience \u00e9quitable devant un tribunal. Sans les avocats de l\u2019Aide juridique, de nombreuses personnes et leurs enfants feraient face \u00e0 d\u2019importants probl\u00e8mes juridiques sans obtenir de repr\u00e9sentation ni d\u2019assistance juridique. Cela comprend des questions d\u2019importance comme la garde des enfants, le droit p\u00e9nal et le droit de la jeunesse, entre autres.<\/p>\n<p>L\u2019Aide juridique de la Nouvelle-\u00c9cosse compte des avocats salari\u00e9s dans ses bureaux partout dans la province. Ceux-ci aident des milliers de clients chaque ann\u00e9e et passe la majorit\u00e9 de leur temps au tribunal. Notre personnel est hautement exp\u00e9riment\u00e9 et tr\u00e8s attentionn\u00e9, d\u00e9vou\u00e9 et engag\u00e9 envers ses clients. Notre objectif est d\u2019aider les gens \u00e0 surmonter les obstacles historiques \u00e0 l\u2019acc\u00e8s \u00e0 la justice. Nous avons plaid\u00e9 de nombreuses causes importantes pour prot\u00e9ger les droits de la personne.<\/p>\n<\/div><\/section>\n","protected":false},"excerpt":{"rendered":"","protected":false},"author":5,"featured_media":0,"parent":3022,"menu_order":1,"comment_status":"closed","ping_status":"open","template":"","meta":{"footnotes":""},"class_list":["post-3013","page","type-page","status-publish","hentry"],"aioseo_notices":[],"publishpress_future_action":{"enabled":false,"date":"2026-05-19 19:36:39","action":"change-status","newStatus":"draft","terms":[],"taxonomy":"translation_priority","extraData":[]},"publishpress_future_workflow_manual_trigger":{"enabledWorkflows":[]},"_links":{"self":[{"href":"https:\/\/www.nslegalaid.ca\/fr\/wp-json\/wp\/v2\/pages\/3013","targetHints":{"allow":["GET"]}}],"collection":[{"href":"https:\/\/www.nslegalaid.ca\/fr\/wp-json\/wp\/v2\/pages"}],"about":[{"href":"https:\/\/www.nslegalaid.ca\/fr\/wp-json\/wp\/v2\/types\/page"}],"author":[{"embeddable":true,"href":"https:\/\/www.nslegalaid.ca\/fr\/wp-json\/wp\/v2\/users\/5"}],"replies":[{"embeddable":true,"href":"https:\/\/www.nslegalaid.ca\/fr\/wp-json\/wp\/v2\/comments?post=3013"}],"version-history":[{"count":10,"href":"https:\/\/www.nslegalaid.ca\/fr\/wp-json\/wp\/v2\/pages\/3013\/revisions"}],"predecessor-version":[{"id":7907,"href":"https:\/\/www.nslegalaid.ca\/fr\/wp-json\/wp\/v2\/pages\/3013\/revisions\/7907"}],"up":[{"embeddable":true,"href":"https:\/\/www.nslegalaid.ca\/fr\/wp-json\/wp\/v2\/pages\/3022"}],"wp:attachment":[{"href":"https:\/\/www.nslegalaid.ca\/fr\/wp-json\/wp\/v2\/media?parent=3013"}],"curies":[{"name":"wp","href":"https:\/\/api.w.org\/{rel}","templated":true}]}}