{"id":11434,"date":"2018-10-26T15:23:42","date_gmt":"2018-10-26T18:23:42","guid":{"rendered":"https:\/\/www.nslegalaid.ca\/careers\/"},"modified":"2022-04-04T13:24:01","modified_gmt":"2022-04-04T16:24:01","slug":"careers","status":"publish","type":"page","link":"https:\/\/www.nslegalaid.ca\/fr\/careers\/","title":{"rendered":"Carri\u00e8res"},"content":{"rendered":"\n<style type=\"text\/css\" data-created_by=\"avia_inline_auto\" id=\"style-css-av-av_section-8eb1a81c83eb04d83d9f4eb85a0c727f\">\n.avia-section.av-av_section-8eb1a81c83eb04d83d9f4eb85a0c727f{\nbackground-repeat:no-repeat;\nbackground-image:url(https:\/\/www.nslegalaid.ca\/wp-content\/uploads\/2020\/12\/banner-legal-aid-careers-scaled.jpg);\nbackground-position:50% 50%;\nbackground-attachment:scroll;\n}\n.avia-section.av-av_section-8eb1a81c83eb04d83d9f4eb85a0c727f .av-section-color-overlay{\nopacity:0.2;\n}\n<\/style>\n<div id='av_section_1'  class='avia-section av-av_section-8eb1a81c83eb04d83d9f4eb85a0c727f main_color avia-section-small avia-no-border-styling  avia-builder-el-0  el_before_av_three_fifth  avia-builder-el-first  avia-bg-style-scroll av-section-color-overlay-active av-minimum-height av-minimum-height-custom av-height-custom  container_wrap sidebar_right'  data-section-bg-repeat='no-repeat' data-av_minimum_height_px='380'><div class=\"av-section-color-overlay-wrap\"><div class=\"av-section-color-overlay\"><\/div><div class='container av-section-cont-open' style='height:380px'><main  role=\"main\" itemprop=\"mainContentOfPage\"  class='template-page content  av-content-small alpha units'><div class='post-entry post-entry-type-page post-entry-11434'><div class='entry-content-wrapper clearfix'><\/div><\/div><\/main><!-- close content main element --><\/div><\/div><\/div><div id='after_section_1'  class='main_color av_default_container_wrap container_wrap sidebar_right'  ><div class='container av-section-cont-open' ><div class='template-page content  av-content-small alpha units'><div class='post-entry post-entry-type-page post-entry-11434'><div class='entry-content-wrapper clearfix'>\n\n<style type=\"text\/css\" data-created_by=\"avia_inline_auto\" id=\"style-css-av-av_three_fifth-6126cab7d8fab8d08143dd2dacdf673c\">\n.flex_column.av-av_three_fifth-6126cab7d8fab8d08143dd2dacdf673c{\nborder-radius:0px 0px 0px 0px;\npadding:0px 0px 0px 0px;\n}\n<\/style>\n<div  class='flex_column av-av_three_fifth-6126cab7d8fab8d08143dd2dacdf673c av_three_fifth  avia-builder-el-1  el_after_av_section  el_before_av_two_fifth  avia-builder-el-first  first flex_column_div av-zero-column-padding  '     ><section  class='av_textblock_section av-av_textblock-0366cc7376be6c9e82a3e9cc8987b64f '   itemscope=\"itemscope\" itemtype=\"https:\/\/schema.org\/CreativeWork\" ><div class='avia_textblock'  itemprop=\"text\" ><h2 style=\"text-align: center;\"><strong>Renouez avec votre passion pour le droit<\/strong><\/h2>\n<p style=\"text-align: center;\"><em><strong>On nous pose souvent des questions comme :\u00a0 \u00ab\u00a0Pourquoi as-tu \u00e9tudi\u00e9 en droit?\u00a0\u00bb ou encore :\u00a0 \u00ab\u00a0Pourquoi travailles-tu dans le secteur du droit?\u00a0\u00bb Les r\u00e9ponses \u00e0 ces questions sont habituellement : <\/strong><\/em><em><strong>\u00a0\u00ab\u00a0Pour changer les choses. Pour promouvoir la justice.\u00a0\u00bb<\/strong><\/em><\/p>\n<p style=\"text-align: center;\"><em><strong>\u00a0Si vous pensez que le temps est venu de renouer avec votre passion pour le droit et de trouver un emploi\u00a0<\/strong><\/em><em><strong>\u00a0qui donne un sens \u00e0 votre vie et qui vous \u00e9quilibre, alors joignez-vous \u00e0 l\u2019Aide juridique.<\/strong><\/em><\/p>\n<p>L\u2019Aide juridique de la Nouvelle-\u00c9cosse offre des services dans plus de 23\u00a0bureaux situ\u00e9s dans les diff\u00e9rentes r\u00e9gions de la province. Elle aide, \u00e0 certains degr\u00e9s, tous les N\u00e9o-\u00c9cossais, mais en particulier les plus vuln\u00e9rables et les personnes traditionnellement d\u00e9savantag\u00e9es notamment les membres des Premi\u00e8res Nations, les Afro-N\u00e9o-\u00c9cossais, les immigrants et les personnes d\u00e9savantag\u00e9es sur le plan financier. L\u2019Aide juridique travaille surtout dans les domaines de justice p\u00e9nale, familiale et sociale (quand les gens risquent de perdre leur revenu ou leur logement).<\/p>\n<p>L\u2019Aide juridique offre une gamme compl\u00e8te d\u2019avantages sociaux, notamment une assurance pour les soins m\u00e9dicaux et dentaires, une assurance-vie, une assurance-invalidit\u00e9 et un r\u00e9gime de pension. Ces avantages sociaux sont offerts aux employ\u00e9s permanents \u00e0 temps plein. Ils ne sont pas tous offerts avec d\u2019autres contrats d\u2019emploi ou de contrats \u00e0 court terme. L\u2019Aide juridique offre \u00e0 ses employ\u00e9s des incitatifs pour rester en forme, des programmes de mieux-\u00eatre et des occasions de perfectionnement.<\/p>\n<p>L\u2019Aide juridique offre un environnement de travail particuli\u00e8rement chaleureux et professionnel.<\/p>\n<p>Le but de l\u2019Aide juridique est d&rsquo;avoir une main-d&rsquo;\u0153uvre diversifi\u00e9e repr\u00e9sentative de la population qu\u2019elle sert, et ce, \u00e0 tous les niveaux d&#8217;emploi. L\u2019Aide juridique a une politique d\u2019\u00e9quit\u00e9 en mati\u00e8re d\u2019emploi et elle encourage les personnes qualifi\u00e9es qui font partie de groupes traditionnellement d\u00e9savantag\u00e9s \u00e0 postuler, notamment les membres des Premi\u00e8res nations, les Afro-N\u00e9o-\u00c9cossais et les personnes d\u2019autres groupes raciaux visibles, les personnes handicap\u00e9es, les personnes retrait\u00e9es et les femmes dans des emplois o\u00f9 ces personnes sont sous-repr\u00e9sent\u00e9es. Si elles le d\u00e9sirent, les personnes qui appartiennent \u00e0 ces groupes peuvent l\u2019indiquer sur le formulaire de demande, leur lettre d\u2019accompagnement ou leur curriculum vit\u00e6.<\/p>\n<p>Le but de l\u2019Aide juridique est d&rsquo;avoir une main-d&rsquo;\u0153uvre diversifi\u00e9e repr\u00e9sentative de la population qu\u2019elle sert, et ce, \u00e0 tous les niveaux d&#8217;emploi. L\u2019Aide juridique a une politique d\u2019\u00e9quit\u00e9 en mati\u00e8re d\u2019emploi et elle encourage les personnes qualifi\u00e9es qui font partie de groupes traditionnellement d\u00e9savantag\u00e9s \u00e0 postuler, notamment les membres des Premi\u00e8res nations, les Afro-N\u00e9o-\u00c9cossais et les personnes d\u2019autres groupes raciaux visibles, les personnes handicap\u00e9es, les personnes retrait\u00e9es et les femmes dans des emplois o\u00f9 ces personnes sont sous-repr\u00e9sent\u00e9es. Si elles le d\u00e9sirent, les personnes qui appartiennent \u00e0 ces groupes peuvent l\u2019indiquer sur leur lettre d\u2019accompagnement ou leur curriculum vit\u00e6.<\/p>\n<p><strong><u>Fondation JD Bridges <\/u><\/strong><\/p>\n<p>\u00cates-vous un \u00e9tudiant noir au Canada qui postule \u00e0 une \u00e9cole de droit ? Visitez le site Web de la JD Bridges Foundation \u00e0 l&rsquo;adresse <a href=\"https:\/\/jdbridges.ca\/\">https:\/\/jdbridges.ca\/<\/a> pour vous renseigner sur la bourse qu&rsquo;elle offre pour couvrir le co\u00fbt des cours de pr\u00e9paration au LSAT et du mat\u00e9riel didactique, ainsi que les frais de demande et de relev\u00e9 de notes.<\/p>\n<p>La Fondation JD Bridges est un organisme canadien \u00e0 but non lucratif qui envisage une profession juridique au Canada qui soit accessible, diversifi\u00e9e et inclusive. Le processus de demande d&rsquo;admission \u00e0 une \u00e9cole de droit au Canada est une entreprise financi\u00e8re importante. La Fondation JD Bridges vise \u00e0 combler l&rsquo;\u00e9cart pour les candidats noirs potentiels qui s&rsquo;int\u00e9ressent au droit, mais qui peuvent \u00eatre dissuad\u00e9s de faire une demande d&rsquo;inscription \u00e0 la facult\u00e9 de droit en raison de leurs besoins financiers.<\/p>\n<\/div><\/section><\/div>\n<style type=\"text\/css\" data-created_by=\"avia_inline_auto\" id=\"style-css-av-av_two_fifth-0aa7055fe62c3622faec82866afbaeb2\">\n.flex_column.av-av_two_fifth-0aa7055fe62c3622faec82866afbaeb2{\nborder-radius:0px 0px 0px 0px;\npadding:0px 0px 0px 0px;\n}\n<\/style>\n<div  class='flex_column av-av_two_fifth-0aa7055fe62c3622faec82866afbaeb2 av_two_fifth  avia-builder-el-3  el_after_av_three_fifth  avia-builder-el-last  flex_column_div av-zero-column-padding  '     ><p>\n<style type=\"text\/css\" data-created_by=\"avia_inline_auto\" id=\"style-css-av-av_heading-85740704853dee723dd9afb1048851b6\">\n#top .av-special-heading.av-av_heading-85740704853dee723dd9afb1048851b6{\npadding-bottom:0;\ncolor:#840c20;\n}\nbody .av-special-heading.av-av_heading-85740704853dee723dd9afb1048851b6 .av-special-heading-tag .heading-char{\nfont-size:25px;\n}\n.av-special-heading.av-av_heading-85740704853dee723dd9afb1048851b6 .special-heading-inner-border{\nborder-color:#840c20;\n}\n.av-special-heading.av-av_heading-85740704853dee723dd9afb1048851b6 .av-subheading{\nfont-size:15px;\n}\n<\/style>\n<div  class='av-special-heading av-av_heading-85740704853dee723dd9afb1048851b6 av-special-heading-h5 custom-color-heading blockquote modern-quote  avia-builder-el-4  el_before_av_magazine  avia-builder-el-first '><h5 class='av-special-heading-tag '  itemprop=\"headline\"  >Postes \u00e0 combler<\/h5><div class=\"special-heading-border\"><div class=\"special-heading-inner-border\"><\/div><\/div><\/div><br \/>\n<div  id=\"avia-magazine-1\"  class='av-magazine av-av_magazine-d0543ebf532ce825f9c86f9260fcd0d7  avia-builder-el-5  el_after_av_heading  avia-builder-el-last   avia-builder-el-5  el_after_av_heading  avia-builder-el-last ' ><div class='av-magazine-group sort_all'><article class='av-magazine-entry av-magazine-entry-id-75827 av-magazine-format-standard av-magazine-type-post av-magazine-entry-1 av-magazine-entry-small '  itemscope=\"itemscope\" itemtype=\"https:\/\/schema.org\/CreativeWork\" ><div class=\"av-magazine-thumbnail\"><a href='https:\/\/www.nslegalaid.ca\/fr\/managing-lawyer-position-port-hawkesbury\/' title='Lier vers : Managing Lawyer Position \u2013 Port Hawkesbury' class='av-magazine-thumbnail-link'><img decoding=\"async\" fetchpriority=\"high\" width=\"80\" height=\"80\" src=\"https:\/\/www.nslegalaid.ca\/wp-content\/uploads\/2016\/09\/jobopportunity-80x80.jpg\" class=\"wp-image-2684 avia-img-lazy-loading-not-2684 attachment-thumbnail size-thumbnail wp-post-image\" alt=\"\" srcset=\"https:\/\/www.nslegalaid.ca\/wp-content\/uploads\/2016\/09\/jobopportunity-80x80.jpg 80w, https:\/\/www.nslegalaid.ca\/wp-content\/uploads\/2016\/09\/jobopportunity-36x36.jpg 36w, https:\/\/www.nslegalaid.ca\/wp-content\/uploads\/2016\/09\/jobopportunity-180x180.jpg 180w, https:\/\/www.nslegalaid.ca\/wp-content\/uploads\/2016\/09\/jobopportunity-120x120.jpg 120w\" sizes=\"(max-width: 80px) 100vw, 80px\" \/><\/a><\/div><div class=\"av-magazine-content-wrap\"><header class=\"entry-content-header\" aria-label=\"Articles : Managing Lawyer Position \u2013 Port Hawkesbury\"><time class='av-magazine-time updated'  itemprop=\"datePublished\" datetime=\"2026-04-22T09:04:02-03:00\" >22 avril 2026<\/time><h3 class='av-magazine-title entry-title '  itemprop=\"headline\" ><a href='https:\/\/www.nslegalaid.ca\/fr\/managing-lawyer-position-port-hawkesbury\/' title='Lier vers : Managing Lawyer Position \u2013 Port Hawkesbury'>Managing Lawyer Position \u2013 Port Hawkesbury<\/a><\/h3><\/header><\/div><footer class=\"entry-footer\"><\/footer><\/article><article class='av-magazine-entry av-magazine-entry-id-75612 av-magazine-format-standard av-magazine-type-post av-magazine-entry-2 av-magazine-entry-small '  itemscope=\"itemscope\" itemtype=\"https:\/\/schema.org\/CreativeWork\" ><div class=\"av-magazine-thumbnail\"><a href='https:\/\/www.nslegalaid.ca\/fr\/managing-lawyer-position-port-hawkesbury-office\/' title='Lier vers : Managing Lawyer Position &#8211; Port Hawkesbury Office' class='av-magazine-entry-icon avia-svg-icon avia-font-svg_entypo-fontello' data-av_svg_icon='pencil' data-av_iconset='svg_entypo-fontello'><svg version=\"1.1\" xmlns=\"http:\/\/www.w3.org\/2000\/svg\" width=\"25\" height=\"32\" viewBox=\"0 0 25 32\" preserveAspectRatio=\"xMidYMid meet\" role=\"graphics-symbol\" aria-hidden=\"true\">\n<path d=\"M22.976 5.44q1.024 1.024 1.504 2.048t0.48 1.536v0.512l-8.064 8.064-9.28 9.216-7.616 1.664 1.6-7.68 9.28-9.216 8.064-8.064q1.728-0.384 4.032 1.92zM7.168 25.92l0.768-0.768q-0.064-1.408-1.664-3.008-0.704-0.704-1.44-1.12t-1.12-0.416l-0.448-0.064-0.704 0.768-0.576 2.56q0.896 0.512 1.472 1.088 0.768 0.768 1.152 1.536z\"><\/path>\n<\/svg><\/a><\/div><div class=\"av-magazine-content-wrap\"><header class=\"entry-content-header\" aria-label=\"Articles : Managing Lawyer Position - Port Hawkesbury Office\"><time class='av-magazine-time updated'  itemprop=\"datePublished\" datetime=\"2026-02-13T14:05:47-04:00\" >13 f\u00e9vrier 2026<\/time><h3 class='av-magazine-title entry-title '  itemprop=\"headline\" ><a href='https:\/\/www.nslegalaid.ca\/fr\/managing-lawyer-position-port-hawkesbury-office\/' title='Lier vers : Managing Lawyer Position &#8211; Port Hawkesbury Office'>Managing Lawyer Position &#8211; Port Hawkesbury Office<\/a><\/h3><\/header><\/div><footer class=\"entry-footer\"><\/footer><\/article><article class='av-magazine-entry av-magazine-entry-id-75608 av-magazine-format-standard av-magazine-type-post av-magazine-entry-3 av-magazine-entry-small '  itemscope=\"itemscope\" itemtype=\"https:\/\/schema.org\/CreativeWork\" ><div class=\"av-magazine-thumbnail\"><a href='https:\/\/www.nslegalaid.ca\/fr\/staff-lawyer-port-hawkesbury-office\/' title='Lier vers : Staff Lawyer Position &#8211; Port Hawkesbury Office' class='av-magazine-entry-icon avia-svg-icon avia-font-svg_entypo-fontello' data-av_svg_icon='pencil' data-av_iconset='svg_entypo-fontello'><svg version=\"1.1\" xmlns=\"http:\/\/www.w3.org\/2000\/svg\" width=\"25\" height=\"32\" viewBox=\"0 0 25 32\" preserveAspectRatio=\"xMidYMid meet\" role=\"graphics-symbol\" aria-hidden=\"true\">\n<path d=\"M22.976 5.44q1.024 1.024 1.504 2.048t0.48 1.536v0.512l-8.064 8.064-9.28 9.216-7.616 1.664 1.6-7.68 9.28-9.216 8.064-8.064q1.728-0.384 4.032 1.92zM7.168 25.92l0.768-0.768q-0.064-1.408-1.664-3.008-0.704-0.704-1.44-1.12t-1.12-0.416l-0.448-0.064-0.704 0.768-0.576 2.56q0.896 0.512 1.472 1.088 0.768 0.768 1.152 1.536z\"><\/path>\n<\/svg><\/a><\/div><div class=\"av-magazine-content-wrap\"><header class=\"entry-content-header\" aria-label=\"Articles : Staff Lawyer Position - Port Hawkesbury Office\"><time class='av-magazine-time updated'  itemprop=\"datePublished\" datetime=\"2026-02-13T14:03:56-04:00\" >13 f\u00e9vrier 2026<\/time><h3 class='av-magazine-title entry-title '  itemprop=\"headline\" ><a href='https:\/\/www.nslegalaid.ca\/fr\/staff-lawyer-port-hawkesbury-office\/' title='Lier vers : Staff Lawyer Position &#8211; Port Hawkesbury Office'>Staff Lawyer Position &#8211; Port Hawkesbury Office<\/a><\/h3><\/header><\/div><footer class=\"entry-footer\"><\/footer><\/article><\/div><\/div><\/p><\/div>\n","protected":false},"excerpt":{"rendered":"","protected":false},"author":5,"featured_media":0,"parent":0,"menu_order":0,"comment_status":"closed","ping_status":"closed","template":"","meta":{"footnotes":""},"class_list":["post-11434","page","type-page","status-publish","hentry"],"aioseo_notices":[],"publishpress_future_action":{"enabled":false,"date":"2026-05-06 01:01:37","action":"change-status","newStatus":"draft","terms":[],"taxonomy":"translation_priority","extraData":[]},"publishpress_future_workflow_manual_trigger":{"enabledWorkflows":[]},"_links":{"self":[{"href":"https:\/\/www.nslegalaid.ca\/fr\/wp-json\/wp\/v2\/pages\/11434","targetHints":{"allow":["GET"]}}],"collection":[{"href":"https:\/\/www.nslegalaid.ca\/fr\/wp-json\/wp\/v2\/pages"}],"about":[{"href":"https:\/\/www.nslegalaid.ca\/fr\/wp-json\/wp\/v2\/types\/page"}],"author":[{"embeddable":true,"href":"https:\/\/www.nslegalaid.ca\/fr\/wp-json\/wp\/v2\/users\/5"}],"replies":[{"embeddable":true,"href":"https:\/\/www.nslegalaid.ca\/fr\/wp-json\/wp\/v2\/comments?post=11434"}],"version-history":[{"count":10,"href":"https:\/\/www.nslegalaid.ca\/fr\/wp-json\/wp\/v2\/pages\/11434\/revisions"}],"predecessor-version":[{"id":39682,"href":"https:\/\/www.nslegalaid.ca\/fr\/wp-json\/wp\/v2\/pages\/11434\/revisions\/39682"}],"wp:attachment":[{"href":"https:\/\/www.nslegalaid.ca\/fr\/wp-json\/wp\/v2\/media?parent=11434"}],"curies":[{"name":"wp","href":"https:\/\/api.w.org\/{rel}","templated":true}]}}